{"id":664,"date":"2021-09-13T16:31:36","date_gmt":"2021-09-13T14:31:36","guid":{"rendered":"https:\/\/gite-laterrasseduloir.com\/?page_id=664"},"modified":"2023-09-14T18:44:21","modified_gmt":"2023-09-14T16:44:21","slug":"disponibilites-reservation","status":"publish","type":"page","link":"https:\/\/gite-lariveduloir.com\/index.php\/disponibilites-reservation\/","title":{"rendered":"Disponibilit\u00e9s et r\u00e9servation"},"content":{"rendered":"\t\t<div data-elementor-type=\"wp-page\" data-elementor-id=\"664\" class=\"elementor elementor-664\">\n\t\t\t\t\t\t<section class=\"elementor-section elementor-top-section elementor-element elementor-element-7f78d34 elementor-section-height-min-height elementor-section-items-top elementor-section-boxed elementor-section-height-default\" data-id=\"7f78d34\" data-element_type=\"section\">\n\t\t\t\t\t\t<div class=\"elementor-container elementor-column-gap-default\">\n\t\t\t\t\t<div class=\"elementor-column elementor-col-100 elementor-top-column elementor-element elementor-element-cff6612\" data-id=\"cff6612\" data-element_type=\"column\" data-settings=\"{&quot;background_background&quot;:&quot;classic&quot;}\">\n\t\t\t<div class=\"elementor-widget-wrap elementor-element-populated\">\n\t\t\t\t\t\t<div class=\"elementor-element elementor-element-27fada4 elementor-invisible elementor-widget elementor-widget-heading\" data-id=\"27fada4\" data-element_type=\"widget\" data-settings=\"{&quot;_animation&quot;:&quot;bounceIn&quot;}\" data-widget_type=\"heading.default\">\n\t\t\t\t<div class=\"elementor-widget-container\">\n\t\t\t\t\t<h2 class=\"elementor-heading-title elementor-size-large\">Ajoutez des dates, le nombre d'adulte(s) et d'enfant(s) et cliquer sur RECHERCHER pour voir le prix.<\/h2>\t\t\t\t<\/div>\n\t\t\t\t<\/div>\n\t\t\t\t<div class=\"elementor-element elementor-element-3fdc06e elementor-widget elementor-widget-text-editor\" data-id=\"3fdc06e\" data-element_type=\"widget\" data-widget_type=\"text-editor.default\">\n\t\t\t\t<div class=\"elementor-widget-container\">\n\t\t\t\t\t\t\t\t\t<p><em><strong>(Les dates barr\u00e9es sont d\u00e9j\u00e0 prises, ne tardez pas \u00e0 r\u00e9server votre s\u00e9jour ou appelez-nous au 06 17 19 87 02 pour plus de renseignements)<\/strong><\/em><\/p>\t\t\t\t\t\t\t\t<\/div>\n\t\t\t\t<\/div>\n\t\t\t\t<div class=\"elementor-element elementor-element-a7c639b elementor-widget elementor-widget-shortcode\" data-id=\"a7c639b\" data-element_type=\"widget\" data-widget_type=\"shortcode.default\">\n\t\t\t\t<div class=\"elementor-widget-container\">\n\t\t\t\t\t\t\t<div class=\"elementor-shortcode\"><iframe name=\"\" src=\"https:\/\/gite-la-terrasse-du-loir.amenitiz.io\/fr\/booking\/room\" scrolling=\"yes\" height=\"900\" width=\"350\" FRAMEBORDER=\"no\"><\/iframe><\/div>\n\t\t\t\t\t\t<\/div>\n\t\t\t\t<\/div>\n\t\t\t\t\t<\/div>\n\t\t<\/div>\n\t\t\t\t\t<\/div>\n\t\t<\/section>\n\t\t\t\t<section class=\"elementor-section elementor-top-section elementor-element elementor-element-16720c5 elementor-section-boxed elementor-section-height-default elementor-section-height-default\" data-id=\"16720c5\" data-element_type=\"section\">\n\t\t\t\t\t\t<div class=\"elementor-container elementor-column-gap-default\">\n\t\t\t\t\t<div class=\"elementor-column elementor-col-100 elementor-top-column elementor-element elementor-element-1dd449b\" data-id=\"1dd449b\" data-element_type=\"column\" data-settings=\"{&quot;background_background&quot;:&quot;classic&quot;}\">\n\t\t\t<div class=\"elementor-widget-wrap elementor-element-populated\">\n\t\t\t\t\t\t<div class=\"elementor-element elementor-element-169afdf elementor-widget-divider--view-line_text elementor-widget-divider--element-align-center elementor-widget elementor-widget-divider\" data-id=\"169afdf\" data-element_type=\"widget\" data-widget_type=\"divider.default\">\n\t\t\t\t<div class=\"elementor-widget-container\">\n\t\t\t\t\t\t\t<div class=\"elementor-divider\">\n\t\t\t<span class=\"elementor-divider-separator\">\n\t\t\t\t\t\t\t<h1 class=\"elementor-divider__text elementor-divider__element\">\n\t\t\t\t<b>Informations<\/b>\t\t\t\t<\/h1>\n\t\t\t\t\t\t<\/span>\n\t\t<\/div>\n\t\t\t\t\t\t<\/div>\n\t\t\t\t<\/div>\n\t\t\t\t<section class=\"elementor-section elementor-inner-section elementor-element elementor-element-a111c68 elementor-section-boxed elementor-section-height-default elementor-section-height-default\" data-id=\"a111c68\" data-element_type=\"section\">\n\t\t\t\t\t\t<div class=\"elementor-container elementor-column-gap-default\">\n\t\t\t\t\t<div class=\"elementor-column elementor-col-50 elementor-inner-column elementor-element elementor-element-6b6e30a\" data-id=\"6b6e30a\" data-element_type=\"column\">\n\t\t\t<div class=\"elementor-widget-wrap elementor-element-populated\">\n\t\t\t\t\t\t<div class=\"elementor-element elementor-element-701a440 elementor-widget elementor-widget-text-editor\" data-id=\"701a440\" data-element_type=\"widget\" data-widget_type=\"text-editor.default\">\n\t\t\t\t<div class=\"elementor-widget-container\">\n\t\t\t\t\t\t\t\t\t<p><strong>Selon la saison :<\/strong><\/p><ul><li><strong>Possibilit\u00e9 de louer \u00e0 la nuit\u00e9e<\/strong><\/li><li><strong>Week-end, 2 nuits obligatoire<\/strong><\/li><li><strong>Caution : <\/strong>Voir conditions g\u00e9n\u00e9rales de vente \u00e0 la r\u00e9servation<\/li><\/ul><ul><li><div>M\u00e9nage fin de s\u00e9jour <span class=\"u-display--block g2f-compInfo u-color--oceangreen\"><strong> 45 \u20ac<\/strong> \/s\u00e9jour <\/span><\/div><\/li><li><div>Kit linge complet <span class=\"u-display--block g2f-compInfo u-color--oceangreen\"><strong> 45 \u20ac<\/strong> \/s\u00e9jour &#8211; <strong><em>Obligatoire<\/em> <\/strong><\/span><\/div><\/li><\/ul>\t\t\t\t\t\t\t\t<\/div>\n\t\t\t\t<\/div>\n\t\t\t\t\t<\/div>\n\t\t<\/div>\n\t\t\t\t<div class=\"elementor-column elementor-col-50 elementor-inner-column elementor-element elementor-element-133dd47\" data-id=\"133dd47\" data-element_type=\"column\">\n\t\t\t<div class=\"elementor-widget-wrap elementor-element-populated\">\n\t\t\t\t\t\t<div class=\"elementor-element elementor-element-c3fb46f elementor-widget elementor-widget-heading\" data-id=\"c3fb46f\" data-element_type=\"widget\" data-widget_type=\"heading.default\">\n\t\t\t\t<div class=\"elementor-widget-container\">\n\t\t\t\t\t<h5 class=\"elementor-heading-title elementor-size-default\">Paiements accept\u00e9s<\/h5>\t\t\t\t<\/div>\n\t\t\t\t<\/div>\n\t\t\t\t<div class=\"elementor-element elementor-element-8e91d27 elementor-view-default elementor-widget elementor-widget-icon\" data-id=\"8e91d27\" data-element_type=\"widget\" data-widget_type=\"icon.default\">\n\t\t\t\t<div class=\"elementor-widget-container\">\n\t\t\t\t\t\t\t<div class=\"elementor-icon-wrapper\">\n\t\t\t<div class=\"elementor-icon\">\n\t\t\t<i aria-hidden=\"true\" class=\"fab fa-cc-visa\"><\/i>\t\t\t<\/div>\n\t\t<\/div>\n\t\t\t\t\t\t<\/div>\n\t\t\t\t<\/div>\n\t\t\t\t<div class=\"elementor-element elementor-element-ecd26bd elementor-view-default elementor-widget elementor-widget-icon\" data-id=\"ecd26bd\" data-element_type=\"widget\" data-widget_type=\"icon.default\">\n\t\t\t\t<div class=\"elementor-widget-container\">\n\t\t\t\t\t\t\t<div class=\"elementor-icon-wrapper\">\n\t\t\t<div class=\"elementor-icon\">\n\t\t\t<i aria-hidden=\"true\" class=\"fab fa-cc-mastercard\"><\/i>\t\t\t<\/div>\n\t\t<\/div>\n\t\t\t\t\t\t<\/div>\n\t\t\t\t<\/div>\n\t\t\t\t<div class=\"elementor-element elementor-element-aefa286 elementor-widget elementor-widget-image\" data-id=\"aefa286\" data-element_type=\"widget\" data-widget_type=\"image.default\">\n\t\t\t\t<div class=\"elementor-widget-container\">\n\t\t\t\t\t\t\t\t\t\t\t\t\t\t\t<img decoding=\"async\" src=\"https:\/\/gite-lariveduloir.com\/wp-content\/uploads\/elementor\/thumbs\/ANCV_logo_2010-pd25zyonueaz96nafg4br58cnccbm0qxgw98hptqj4.png\" title=\"ANCV_logo_2010\" alt=\"ANCV_logo_2010\" loading=\"lazy\" \/>\t\t\t\t\t\t\t\t\t\t\t\t\t\t\t<\/div>\n\t\t\t\t<\/div>\n\t\t\t\t<div class=\"elementor-element elementor-element-7f120a6 elementor-widget elementor-widget-text-editor\" data-id=\"7f120a6\" data-element_type=\"widget\" data-widget_type=\"text-editor.default\">\n\t\t\t\t<div class=\"elementor-widget-container\">\n\t\t\t\t\t\t\t\t\t<p><em><strong>Ch\u00e8ques<\/strong><\/em><\/p><p><a href=\"https:\/\/gite-lariveduloir.com\/index.php\/contact\/\" target=\"_blank\" rel=\"noopener\">Cartes cadeaux sur demande<\/a><\/p>\t\t\t\t\t\t\t\t<\/div>\n\t\t\t\t<\/div>\n\t\t\t\t\t<\/div>\n\t\t<\/div>\n\t\t\t\t\t<\/div>\n\t\t<\/section>\n\t\t\t\t\t<\/div>\n\t\t<\/div>\n\t\t\t\t\t<\/div>\n\t\t<\/section>\n\t\t\t\t<\/div>\n\t\t","protected":false},"excerpt":{"rendered":"<p>Ajoutez des dates, le nombre d&rsquo;adulte(s) et d&rsquo;enfant(s) et cliquer sur RECHERCHER pour voir le prix. (Les dates barr\u00e9es sont d\u00e9j\u00e0 prises, ne tardez pas \u00e0 r\u00e9server votre s\u00e9jour ou appelez-nous au 06 17 19 87 02 pour plus de renseignements) Informations Selon la saison : Possibilit\u00e9 de louer \u00e0 la nuit\u00e9e Week-end, 2 nuits<\/p>\n<div><a class=\"btn-filled btn\" href=\"https:\/\/gite-lariveduloir.com\/index.php\/disponibilites-reservation\/\" title=\"Disponibilit\u00e9s et r\u00e9servation\">Lire la suite<\/a><\/div>\n","protected":false},"author":1,"featured_media":0,"parent":0,"menu_order":0,"comment_status":"closed","ping_status":"closed","template":"","meta":{"footnotes":""},"yoast_head":"<!-- This site is optimized with the Yoast SEO plugin v23.5 - https:\/\/yoast.com\/wordpress\/plugins\/seo\/ -->\n<title>Disponibilit\u00e9s et r\u00e9servation - Gite La Rive du Loir<\/title>\n<meta name=\"robots\" content=\"index, follow, max-snippet:-1, max-image-preview:large, max-video-preview:-1\" \/>\n<link rel=\"canonical\" href=\"https:\/\/gite-lariveduloir.com\/index.php\/disponibilites-reservation\/\" \/>\n<meta property=\"og:locale\" content=\"fr_FR\" \/>\n<meta property=\"og:type\" content=\"article\" \/>\n<meta property=\"og:title\" content=\"Disponibilit\u00e9s et r\u00e9servation - Gite La Rive du Loir\" \/>\n<meta property=\"og:description\" content=\"Ajoutez des dates, le nombre d&rsquo;adulte(s) et d&rsquo;enfant(s) et cliquer sur RECHERCHER pour voir le prix. (Les dates barr\u00e9es sont d\u00e9j\u00e0 prises, ne tardez pas \u00e0 r\u00e9server votre s\u00e9jour ou appelez-nous au 06 17 19 87 02 pour plus de renseignements) Informations Selon la saison : Possibilit\u00e9 de louer \u00e0 la nuit\u00e9e Week-end, 2 nuitsLire la suite\" \/>\n<meta property=\"og:url\" content=\"https:\/\/gite-lariveduloir.com\/index.php\/disponibilites-reservation\/\" \/>\n<meta property=\"og:site_name\" content=\"Gite La Rive du Loir\" \/>\n<meta property=\"article:modified_time\" content=\"2023-09-14T16:44:21+00:00\" \/>\n<meta property=\"og:image\" content=\"https:\/\/gite-lariveduloir.com\/wp-content\/uploads\/elementor\/thumbs\/ANCV_logo_2010-pd25zzmi18c9kslx9yiybmzt8q7otpunt0wpyzsccw.png\" \/>\n<meta name=\"twitter:card\" content=\"summary_large_image\" \/>\n<meta name=\"twitter:label1\" content=\"Dur\u00e9e de lecture estim\u00e9e\" \/>\n\t<meta name=\"twitter:data1\" content=\"1 minute\" \/>\n<script type=\"application\/ld+json\" class=\"yoast-schema-graph\">{\"@context\":\"https:\/\/schema.org\",\"@graph\":[{\"@type\":\"WebPage\",\"@id\":\"https:\/\/gite-lariveduloir.com\/index.php\/disponibilites-reservation\/\",\"url\":\"https:\/\/gite-lariveduloir.com\/index.php\/disponibilites-reservation\/\",\"name\":\"Disponibilit\u00e9s et r\u00e9servation - Gite La Rive du Loir\",\"isPartOf\":{\"@id\":\"https:\/\/gite-lariveduloir.com\/#website\"},\"primaryImageOfPage\":{\"@id\":\"https:\/\/gite-lariveduloir.com\/index.php\/disponibilites-reservation\/#primaryimage\"},\"image\":{\"@id\":\"https:\/\/gite-lariveduloir.com\/index.php\/disponibilites-reservation\/#primaryimage\"},\"thumbnailUrl\":\"https:\/\/gite-lariveduloir.com\/wp-content\/uploads\/elementor\/thumbs\/ANCV_logo_2010-pd25zzmi18c9kslx9yiybmzt8q7otpunt0wpyzsccw.png\",\"datePublished\":\"2021-09-13T14:31:36+00:00\",\"dateModified\":\"2023-09-14T16:44:21+00:00\",\"breadcrumb\":{\"@id\":\"https:\/\/gite-lariveduloir.com\/index.php\/disponibilites-reservation\/#breadcrumb\"},\"inLanguage\":\"fr-FR\",\"potentialAction\":[{\"@type\":\"ReadAction\",\"target\":[\"https:\/\/gite-lariveduloir.com\/index.php\/disponibilites-reservation\/\"]}]},{\"@type\":\"ImageObject\",\"inLanguage\":\"fr-FR\",\"@id\":\"https:\/\/gite-lariveduloir.com\/index.php\/disponibilites-reservation\/#primaryimage\",\"url\":\"https:\/\/gite-lariveduloir.com\/wp-content\/uploads\/elementor\/thumbs\/ANCV_logo_2010-pd25zzmi18c9kslx9yiybmzt8q7otpunt0wpyzsccw.png\",\"contentUrl\":\"https:\/\/gite-lariveduloir.com\/wp-content\/uploads\/elementor\/thumbs\/ANCV_logo_2010-pd25zzmi18c9kslx9yiybmzt8q7otpunt0wpyzsccw.png\"},{\"@type\":\"BreadcrumbList\",\"@id\":\"https:\/\/gite-lariveduloir.com\/index.php\/disponibilites-reservation\/#breadcrumb\",\"itemListElement\":[{\"@type\":\"ListItem\",\"position\":1,\"name\":\"Accueil\",\"item\":\"https:\/\/gite-lariveduloir.com\/\"},{\"@type\":\"ListItem\",\"position\":2,\"name\":\"Disponibilit\u00e9s et r\u00e9servation\"}]},{\"@type\":\"WebSite\",\"@id\":\"https:\/\/gite-lariveduloir.com\/#website\",\"url\":\"https:\/\/gite-lariveduloir.com\/\",\"name\":\"Gite La Rive du Loir\",\"description\":\"Gite \u00e0 La Fl\u00e8che\",\"publisher\":{\"@id\":\"https:\/\/gite-lariveduloir.com\/#organization\"},\"potentialAction\":[{\"@type\":\"SearchAction\",\"target\":{\"@type\":\"EntryPoint\",\"urlTemplate\":\"https:\/\/gite-lariveduloir.com\/?s={search_term_string}\"},\"query-input\":{\"@type\":\"PropertyValueSpecification\",\"valueRequired\":true,\"valueName\":\"search_term_string\"}}],\"inLanguage\":\"fr-FR\"},{\"@type\":\"Organization\",\"@id\":\"https:\/\/gite-lariveduloir.com\/#organization\",\"name\":\"Gite La Rive du Loir\",\"url\":\"https:\/\/gite-lariveduloir.com\/\",\"logo\":{\"@type\":\"ImageObject\",\"inLanguage\":\"fr-FR\",\"@id\":\"https:\/\/gite-lariveduloir.com\/#\/schema\/logo\/image\/\",\"url\":\"https:\/\/gite-lariveduloir.com\/wp-content\/uploads\/2025\/02\/cropped-cropped-LogolaRIVEduloirDEF-1.png\",\"contentUrl\":\"https:\/\/gite-lariveduloir.com\/wp-content\/uploads\/2025\/02\/cropped-cropped-LogolaRIVEduloirDEF-1.png\",\"width\":512,\"height\":512,\"caption\":\"Gite La Rive du Loir\"},\"image\":{\"@id\":\"https:\/\/gite-lariveduloir.com\/#\/schema\/logo\/image\/\"}}]}<\/script>\n<!-- \/ Yoast SEO plugin. -->","yoast_head_json":{"title":"Disponibilit\u00e9s et r\u00e9servation - Gite La Rive du Loir","robots":{"index":"index","follow":"follow","max-snippet":"max-snippet:-1","max-image-preview":"max-image-preview:large","max-video-preview":"max-video-preview:-1"},"canonical":"https:\/\/gite-lariveduloir.com\/index.php\/disponibilites-reservation\/","og_locale":"fr_FR","og_type":"article","og_title":"Disponibilit\u00e9s et r\u00e9servation - Gite La Rive du Loir","og_description":"Ajoutez des dates, le nombre d&rsquo;adulte(s) et d&rsquo;enfant(s) et cliquer sur RECHERCHER pour voir le prix. (Les dates barr\u00e9es sont d\u00e9j\u00e0 prises, ne tardez pas \u00e0 r\u00e9server votre s\u00e9jour ou appelez-nous au 06 17 19 87 02 pour plus de renseignements) Informations Selon la saison : Possibilit\u00e9 de louer \u00e0 la nuit\u00e9e Week-end, 2 nuitsLire la suite","og_url":"https:\/\/gite-lariveduloir.com\/index.php\/disponibilites-reservation\/","og_site_name":"Gite La Rive du Loir","article_modified_time":"2023-09-14T16:44:21+00:00","og_image":[{"url":"https:\/\/gite-lariveduloir.com\/wp-content\/uploads\/elementor\/thumbs\/ANCV_logo_2010-pd25zzmi18c9kslx9yiybmzt8q7otpunt0wpyzsccw.png"}],"twitter_card":"summary_large_image","twitter_misc":{"Dur\u00e9e de lecture estim\u00e9e":"1 minute"},"schema":{"@context":"https:\/\/schema.org","@graph":[{"@type":"WebPage","@id":"https:\/\/gite-lariveduloir.com\/index.php\/disponibilites-reservation\/","url":"https:\/\/gite-lariveduloir.com\/index.php\/disponibilites-reservation\/","name":"Disponibilit\u00e9s et r\u00e9servation - Gite La Rive du Loir","isPartOf":{"@id":"https:\/\/gite-lariveduloir.com\/#website"},"primaryImageOfPage":{"@id":"https:\/\/gite-lariveduloir.com\/index.php\/disponibilites-reservation\/#primaryimage"},"image":{"@id":"https:\/\/gite-lariveduloir.com\/index.php\/disponibilites-reservation\/#primaryimage"},"thumbnailUrl":"https:\/\/gite-lariveduloir.com\/wp-content\/uploads\/elementor\/thumbs\/ANCV_logo_2010-pd25zzmi18c9kslx9yiybmzt8q7otpunt0wpyzsccw.png","datePublished":"2021-09-13T14:31:36+00:00","dateModified":"2023-09-14T16:44:21+00:00","breadcrumb":{"@id":"https:\/\/gite-lariveduloir.com\/index.php\/disponibilites-reservation\/#breadcrumb"},"inLanguage":"fr-FR","potentialAction":[{"@type":"ReadAction","target":["https:\/\/gite-lariveduloir.com\/index.php\/disponibilites-reservation\/"]}]},{"@type":"ImageObject","inLanguage":"fr-FR","@id":"https:\/\/gite-lariveduloir.com\/index.php\/disponibilites-reservation\/#primaryimage","url":"https:\/\/gite-lariveduloir.com\/wp-content\/uploads\/elementor\/thumbs\/ANCV_logo_2010-pd25zzmi18c9kslx9yiybmzt8q7otpunt0wpyzsccw.png","contentUrl":"https:\/\/gite-lariveduloir.com\/wp-content\/uploads\/elementor\/thumbs\/ANCV_logo_2010-pd25zzmi18c9kslx9yiybmzt8q7otpunt0wpyzsccw.png"},{"@type":"BreadcrumbList","@id":"https:\/\/gite-lariveduloir.com\/index.php\/disponibilites-reservation\/#breadcrumb","itemListElement":[{"@type":"ListItem","position":1,"name":"Accueil","item":"https:\/\/gite-lariveduloir.com\/"},{"@type":"ListItem","position":2,"name":"Disponibilit\u00e9s et r\u00e9servation"}]},{"@type":"WebSite","@id":"https:\/\/gite-lariveduloir.com\/#website","url":"https:\/\/gite-lariveduloir.com\/","name":"Gite La Rive du Loir","description":"Gite \u00e0 La Fl\u00e8che","publisher":{"@id":"https:\/\/gite-lariveduloir.com\/#organization"},"potentialAction":[{"@type":"SearchAction","target":{"@type":"EntryPoint","urlTemplate":"https:\/\/gite-lariveduloir.com\/?s={search_term_string}"},"query-input":{"@type":"PropertyValueSpecification","valueRequired":true,"valueName":"search_term_string"}}],"inLanguage":"fr-FR"},{"@type":"Organization","@id":"https:\/\/gite-lariveduloir.com\/#organization","name":"Gite La Rive du Loir","url":"https:\/\/gite-lariveduloir.com\/","logo":{"@type":"ImageObject","inLanguage":"fr-FR","@id":"https:\/\/gite-lariveduloir.com\/#\/schema\/logo\/image\/","url":"https:\/\/gite-lariveduloir.com\/wp-content\/uploads\/2025\/02\/cropped-cropped-LogolaRIVEduloirDEF-1.png","contentUrl":"https:\/\/gite-lariveduloir.com\/wp-content\/uploads\/2025\/02\/cropped-cropped-LogolaRIVEduloirDEF-1.png","width":512,"height":512,"caption":"Gite La Rive du Loir"},"image":{"@id":"https:\/\/gite-lariveduloir.com\/#\/schema\/logo\/image\/"}}]}},"jetpack_sharing_enabled":true,"_links":{"self":[{"href":"https:\/\/gite-lariveduloir.com\/index.php\/wp-json\/wp\/v2\/pages\/664"}],"collection":[{"href":"https:\/\/gite-lariveduloir.com\/index.php\/wp-json\/wp\/v2\/pages"}],"about":[{"href":"https:\/\/gite-lariveduloir.com\/index.php\/wp-json\/wp\/v2\/types\/page"}],"author":[{"embeddable":true,"href":"https:\/\/gite-lariveduloir.com\/index.php\/wp-json\/wp\/v2\/users\/1"}],"replies":[{"embeddable":true,"href":"https:\/\/gite-lariveduloir.com\/index.php\/wp-json\/wp\/v2\/comments?post=664"}],"version-history":[{"count":151,"href":"https:\/\/gite-lariveduloir.com\/index.php\/wp-json\/wp\/v2\/pages\/664\/revisions"}],"predecessor-version":[{"id":1943,"href":"https:\/\/gite-lariveduloir.com\/index.php\/wp-json\/wp\/v2\/pages\/664\/revisions\/1943"}],"wp:attachment":[{"href":"https:\/\/gite-lariveduloir.com\/index.php\/wp-json\/wp\/v2\/media?parent=664"}],"curies":[{"name":"wp","href":"https:\/\/api.w.org\/{rel}","templated":true}]}}