{"id":1944,"date":"2023-09-14T18:46:36","date_gmt":"2023-09-14T16:46:36","guid":{"rendered":"https:\/\/gite-laterrasseduloir.com\/?page_id=1944"},"modified":"2025-11-03T10:58:37","modified_gmt":"2025-11-03T09:58:37","slug":"la-piscine","status":"publish","type":"page","link":"https:\/\/gite-lariveduloir.com\/index.php\/la-piscine\/","title":{"rendered":"La piscine"},"content":{"rendered":"\t\t<div data-elementor-type=\"wp-page\" data-elementor-id=\"1944\" class=\"elementor elementor-1944\">\n\t\t\t\t\t\t<section class=\"elementor-section elementor-top-section elementor-element elementor-element-1c6f051 elementor-section-boxed elementor-section-height-default elementor-section-height-default\" data-id=\"1c6f051\" data-element_type=\"section\">\n\t\t\t\t\t\t<div class=\"elementor-container elementor-column-gap-default\">\n\t\t\t\t\t<div class=\"elementor-column elementor-col-100 elementor-top-column elementor-element elementor-element-0e64b2a\" data-id=\"0e64b2a\" data-element_type=\"column\" data-settings=\"{&quot;background_background&quot;:&quot;classic&quot;}\">\n\t\t\t<div class=\"elementor-widget-wrap elementor-element-populated\">\n\t\t\t\t\t\t<div class=\"elementor-element elementor-element-8bb4e19 elementor-view-stacked elementor-shape-circle elementor-widget elementor-widget-icon\" data-id=\"8bb4e19\" data-element_type=\"widget\" data-widget_type=\"icon.default\">\n\t\t\t\t<div class=\"elementor-widget-container\">\n\t\t\t\t\t\t\t<div class=\"elementor-icon-wrapper\">\n\t\t\t<a class=\"elementor-icon\" href=\"https:\/\/gite-lariveduloir.com\/index.php\/exterieur\/\" target=\"_blank\">\n\t\t\t<i aria-hidden=\"true\" class=\"fas fa-swimming-pool\"><\/i>\t\t\t<\/a>\n\t\t<\/div>\n\t\t\t\t\t\t<\/div>\n\t\t\t\t<\/div>\n\t\t\t\t<div class=\"elementor-element elementor-element-515fe48 elementor-widget elementor-widget-heading\" data-id=\"515fe48\" data-element_type=\"widget\" data-widget_type=\"heading.default\">\n\t\t\t\t<div class=\"elementor-widget-container\">\n\t\t\t\t\t<h5 class=\"elementor-heading-title elementor-size-default\">La piscine (traitement au sel et non au chlore)<\/h5>\t\t\t\t<\/div>\n\t\t\t\t<\/div>\n\t\t\t\t<div class=\"elementor-element elementor-element-7a19835 elementor-widget elementor-widget-text-editor\" data-id=\"7a19835\" data-element_type=\"widget\" data-widget_type=\"text-editor.default\">\n\t\t\t\t<div class=\"elementor-widget-container\">\n\t\t\t\t\t\t\t\t\t<p><strong>Le G\u00eete La Rive du Loir est privatif (ouverture le 11 Juillet 2025), vous serez seul dans tout le g\u00eete. <\/strong><\/p><p><strong>La piscine et l\u2019abri t\u00e9lescopique ont \u00e9t\u00e9 install\u00e9s en f\u00e9vrier 2025. <\/strong><\/p><p><strong>La piscine de 6,50 m x 3,50 m est chauff\u00e9e \u00e0 29\u00b0, elle est privative.<\/strong><\/p><p><em><strong>Pour 2026 :\u00a0Piscine chauff\u00e9e du\u00a0Vendredi\u00a027 Mars\u00a0au\u00a0Dimanche\u00a01er Novembre inclus.\u00a0<\/strong><\/em><\/p><p><em><strong>Pour 2027 :\u00a0Piscine chauff\u00e9e du\u00a0Vendredi\u00a026 Mars\u00a0au\u00a0Lundi\u00a01er Novembre inclus.<\/strong><\/em><\/p><p>L\u2019abri t\u00e9lescopique mesure 8,30m x 5,20m au plus large et 1,80m au plus haut.<\/p><p>L\u2019avantage de l\u2019abri vous permet d\u2019\u00eatre au chaud \u00e0 l\u2019int\u00e9rieur en cas de m\u00e9t\u00e9o mitig\u00e9e, il peut \u00eatre ouvert enti\u00e8rement ou en partie. C\u2019est indispensable pour pouvoir profiter de la piscine une tr\u00e8s grande partie de l\u2019ann\u00e9e.<\/p><p>L\u2019abri est plus grand que la piscine, ce qui permet pour certain de se poser dans un bain de soleil ou sur des chaises \u00e0 l\u2019int\u00e9rieur tandis que d\u2019autres s\u2019amusent dans l\u2019eau.<\/p>\t\t\t\t\t\t\t\t<\/div>\n\t\t\t\t<\/div>\n\t\t\t\t<div class=\"elementor-element elementor-element-e4c58b9 elementor-button-info elementor-align-center elementor-widget elementor-widget-button\" data-id=\"e4c58b9\" data-element_type=\"widget\" data-widget_type=\"button.default\">\n\t\t\t\t<div class=\"elementor-widget-container\">\n\t\t\t\t\t\t\t\t\t<div class=\"elementor-button-wrapper\">\n\t\t\t\t\t<a class=\"elementor-button elementor-button-link elementor-size-sm\" href=\"https:\/\/gite-lariveduloir.com\/index.php\/exterieur\/\" target=\"_blank\">\n\t\t\t\t\t\t<span class=\"elementor-button-content-wrapper\">\n\t\t\t\t\t\t\t\t\t<span class=\"elementor-button-text\">Plus d'infos<\/span>\n\t\t\t\t\t<\/span>\n\t\t\t\t\t<\/a>\n\t\t\t\t<\/div>\n\t\t\t\t\t\t\t\t<\/div>\n\t\t\t\t<\/div>\n\t\t\t\t<div class=\"elementor-element elementor-element-d886842 elementor-arrows-position-inside elementor-pagination-position-outside elementor-widget elementor-widget-image-carousel\" data-id=\"d886842\" data-element_type=\"widget\" data-settings=\"{&quot;slides_to_show&quot;:&quot;1&quot;,&quot;navigation&quot;:&quot;both&quot;,&quot;autoplay&quot;:&quot;yes&quot;,&quot;pause_on_hover&quot;:&quot;yes&quot;,&quot;pause_on_interaction&quot;:&quot;yes&quot;,&quot;autoplay_speed&quot;:5000,&quot;infinite&quot;:&quot;yes&quot;,&quot;effect&quot;:&quot;slide&quot;,&quot;speed&quot;:500}\" data-widget_type=\"image-carousel.default\">\n\t\t\t\t<div class=\"elementor-widget-container\">\n\t\t\t\t\t\t\t<div class=\"elementor-image-carousel-wrapper swiper\" role=\"region\" aria-roledescription=\"carousel\" aria-label=\"Carrousel d\u2019images\" dir=\"ltr\">\n\t\t\t<div class=\"elementor-image-carousel swiper-wrapper\" aria-live=\"off\">\n\t\t\t\t\t\t\t\t<div class=\"swiper-slide\" role=\"group\" aria-roledescription=\"slide\" aria-label=\"1 sur 4\"><a data-elementor-open-lightbox=\"yes\" data-elementor-lightbox-slideshow=\"d886842\" data-elementor-lightbox-title=\"Vue sur la piscine et sur la rivie\u0300re\" data-elementor-lightbox-description=\"Vue sur la piscine et sur la rivie\u0300re\" data-e-action-hash=\"#elementor-action%3Aaction%3Dlightbox%26settings%3DeyJpZCI6MjE4OCwidXJsIjoiaHR0cHM6XC9cL2dpdGUtbGFyaXZlZHVsb2lyLmNvbVwvd3AtY29udGVudFwvdXBsb2Fkc1wvMjAyNVwvMDhcL1Z1ZS1zdXItbGEtcGlzY2luZS1ldC1zdXItbGEtcml2aWVyZS1zY2FsZWQuanBnIiwic2xpZGVzaG93IjoiZDg4Njg0MiJ9\" href=\"https:\/\/gite-lariveduloir.com\/wp-content\/uploads\/2025\/08\/Vue-sur-la-piscine-et-sur-la-riviere-scaled.jpg\"><figure class=\"swiper-slide-inner\"><img decoding=\"async\" class=\"swiper-slide-image\" src=\"https:\/\/gite-lariveduloir.com\/wp-content\/uploads\/2025\/08\/Vue-sur-la-piscine-et-sur-la-riviere-scaled.jpg\" alt=\"Vue sur la piscine et sur la rivi\u00e8re\" \/><\/figure><\/a><\/div><div class=\"swiper-slide\" role=\"group\" aria-roledescription=\"slide\" aria-label=\"2 sur 4\"><a data-elementor-open-lightbox=\"yes\" data-elementor-lightbox-slideshow=\"d886842\" data-elementor-lightbox-title=\"Vue depuis le terrain de pe\u0301tanque\" data-elementor-lightbox-description=\"Vue depuis le terrain de pe\u0301tanque\" data-e-action-hash=\"#elementor-action%3Aaction%3Dlightbox%26settings%3DeyJpZCI6MjIxNSwidXJsIjoiaHR0cHM6XC9cL2dpdGUtbGFyaXZlZHVsb2lyLmNvbVwvd3AtY29udGVudFwvdXBsb2Fkc1wvMjAyNVwvMDhcL1Z1ZS1kZXB1aXMtbGUtdGVycmFpbi1kZS1wZXRhbnF1ZS0xLXNjYWxlZC5qcGciLCJzbGlkZXNob3ciOiJkODg2ODQyIn0%3D\" href=\"https:\/\/gite-lariveduloir.com\/wp-content\/uploads\/2025\/08\/Vue-depuis-le-terrain-de-petanque-1-scaled.jpg\"><figure class=\"swiper-slide-inner\"><img decoding=\"async\" class=\"swiper-slide-image\" src=\"https:\/\/gite-lariveduloir.com\/wp-content\/uploads\/2025\/08\/Vue-depuis-le-terrain-de-petanque-1-scaled.jpg\" alt=\"Vue depuis le terrain de pe\u0301tanque\" \/><\/figure><\/a><\/div><div class=\"swiper-slide\" role=\"group\" aria-roledescription=\"slide\" aria-label=\"3 sur 4\"><a data-elementor-open-lightbox=\"yes\" data-elementor-lightbox-slideshow=\"d886842\" data-elementor-lightbox-title=\"Photo de la piscine avec le spot allume\u0301 pendant la nuit\" data-elementor-lightbox-description=\"Photo de la piscine avec le spot allume\u0301 pendant la nuit\" data-e-action-hash=\"#elementor-action%3Aaction%3Dlightbox%26settings%3DeyJpZCI6MjE4NiwidXJsIjoiaHR0cHM6XC9cL2dpdGUtbGFyaXZlZHVsb2lyLmNvbVwvd3AtY29udGVudFwvdXBsb2Fkc1wvMjAyNVwvMDhcL1Bob3RvLWRlLWxhLXBpc2NpbmUtYXZlYy1sZS1zcG90LWFsbHVtZS1wZW5kYW50LWxhLW51aXQtc2NhbGVkLmpwZyIsInNsaWRlc2hvdyI6ImQ4ODY4NDIifQ%3D%3D\" href=\"https:\/\/gite-lariveduloir.com\/wp-content\/uploads\/2025\/08\/Photo-de-la-piscine-avec-le-spot-allume-pendant-la-nuit-scaled.jpg\"><figure class=\"swiper-slide-inner\"><img decoding=\"async\" class=\"swiper-slide-image\" src=\"https:\/\/gite-lariveduloir.com\/wp-content\/uploads\/2025\/08\/Photo-de-la-piscine-avec-le-spot-allume-pendant-la-nuit-scaled.jpg\" alt=\"Vue sur la piscine de nuit\" \/><\/figure><\/a><\/div><div class=\"swiper-slide\" role=\"group\" aria-roledescription=\"slide\" aria-label=\"4 sur 4\"><a data-elementor-open-lightbox=\"yes\" data-elementor-lightbox-slideshow=\"d886842\" data-elementor-lightbox-title=\"Abri te\u0301lescopique Gi\u0302te La Rive du Loir\" data-elementor-lightbox-description=\"Abri te\u0301lescopique Gi\u0302te La Rive du Loir\" data-e-action-hash=\"#elementor-action%3Aaction%3Dlightbox%26settings%3DeyJpZCI6MjA5NCwidXJsIjoiaHR0cHM6XC9cL2dpdGUtbGFyaXZlZHVsb2lyLmNvbVwvd3AtY29udGVudFwvdXBsb2Fkc1wvMjAyNVwvMDJcL0FicmktdGVsZXNjb3BpcXVlLUdpdGUtTGEtUml2ZS1kdS1Mb2lyLXNjYWxlZC5qcGciLCJzbGlkZXNob3ciOiJkODg2ODQyIn0%3D\" href=\"https:\/\/gite-lariveduloir.com\/wp-content\/uploads\/2025\/02\/Abri-telescopique-Gite-La-Rive-du-Loir-scaled.jpg\"><figure class=\"swiper-slide-inner\"><img decoding=\"async\" class=\"swiper-slide-image\" src=\"https:\/\/gite-lariveduloir.com\/wp-content\/uploads\/2025\/02\/Abri-telescopique-Gite-La-Rive-du-Loir-scaled.jpg\" alt=\"Abris t\u00e9l\u00e9scopique\" \/><\/figure><\/a><\/div>\t\t\t<\/div>\n\t\t\t\t\t\t\t\t\t\t\t\t<div class=\"elementor-swiper-button elementor-swiper-button-prev\" role=\"button\" tabindex=\"0\">\n\t\t\t\t\t\t<i aria-hidden=\"true\" class=\"eicon-chevron-left\"><\/i>\t\t\t\t\t<\/div>\n\t\t\t\t\t<div class=\"elementor-swiper-button elementor-swiper-button-next\" role=\"button\" tabindex=\"0\">\n\t\t\t\t\t\t<i aria-hidden=\"true\" class=\"eicon-chevron-right\"><\/i>\t\t\t\t\t<\/div>\n\t\t\t\t\n\t\t\t\t\t\t\t\t\t<div class=\"swiper-pagination\"><\/div>\n\t\t\t\t\t\t\t\t\t<\/div>\n\t\t\t\t\t\t<\/div>\n\t\t\t\t<\/div>\n\t\t\t\t\t<\/div>\n\t\t<\/div>\n\t\t\t\t\t<\/div>\n\t\t<\/section>\n\t\t\t\t<\/div>\n\t\t","protected":false},"excerpt":{"rendered":"<p>La piscine (traitement au sel et non au chlore) Le G\u00eete La Rive du Loir est privatif (ouverture le 11 Juillet 2025), vous serez seul dans tout le g\u00eete. La piscine et l\u2019abri t\u00e9lescopique ont \u00e9t\u00e9 install\u00e9s en f\u00e9vrier 2025. La piscine de 6,50 m x 3,50 m est chauff\u00e9e \u00e0 29\u00b0, elle est privative.<\/p>\n<div><a class=\"btn-filled btn\" href=\"https:\/\/gite-lariveduloir.com\/index.php\/la-piscine\/\" title=\"La piscine\">Lire la suite<\/a><\/div>\n","protected":false},"author":1,"featured_media":0,"parent":0,"menu_order":0,"comment_status":"closed","ping_status":"closed","template":"","meta":{"footnotes":""},"yoast_head":"<!-- This site is optimized with the Yoast SEO plugin v23.5 - https:\/\/yoast.com\/wordpress\/plugins\/seo\/ -->\n<title>La piscine - Gite La Rive du Loir<\/title>\n<meta name=\"robots\" content=\"index, follow, max-snippet:-1, max-image-preview:large, max-video-preview:-1\" \/>\n<link rel=\"canonical\" href=\"https:\/\/gite-lariveduloir.com\/index.php\/la-piscine\/\" \/>\n<meta property=\"og:locale\" content=\"fr_FR\" \/>\n<meta property=\"og:type\" content=\"article\" \/>\n<meta property=\"og:title\" content=\"La piscine - Gite La Rive du Loir\" \/>\n<meta property=\"og:description\" content=\"La piscine (traitement au sel et non au chlore) Le G\u00eete La Rive du Loir est privatif (ouverture le 11 Juillet 2025), vous serez seul dans tout le g\u00eete. La piscine et l\u2019abri t\u00e9lescopique ont \u00e9t\u00e9 install\u00e9s en f\u00e9vrier 2025. La piscine de 6,50 m x 3,50 m est chauff\u00e9e \u00e0 29\u00b0, elle est privative.Lire la suite\" \/>\n<meta property=\"og:url\" content=\"https:\/\/gite-lariveduloir.com\/index.php\/la-piscine\/\" \/>\n<meta property=\"og:site_name\" content=\"Gite La Rive du Loir\" \/>\n<meta property=\"article:modified_time\" content=\"2025-11-03T09:58:37+00:00\" \/>\n<meta property=\"og:image\" content=\"https:\/\/gite-lariveduloir.com\/wp-content\/uploads\/2025\/08\/Vue-sur-la-piscine-et-sur-la-riviere-scaled.jpg\" \/>\n<meta name=\"twitter:card\" content=\"summary_large_image\" \/>\n<meta name=\"twitter:label1\" content=\"Dur\u00e9e de lecture estim\u00e9e\" \/>\n\t<meta name=\"twitter:data1\" content=\"3 minutes\" \/>\n<script type=\"application\/ld+json\" class=\"yoast-schema-graph\">{\"@context\":\"https:\/\/schema.org\",\"@graph\":[{\"@type\":\"WebPage\",\"@id\":\"https:\/\/gite-lariveduloir.com\/index.php\/la-piscine\/\",\"url\":\"https:\/\/gite-lariveduloir.com\/index.php\/la-piscine\/\",\"name\":\"La piscine - Gite La Rive du Loir\",\"isPartOf\":{\"@id\":\"https:\/\/gite-lariveduloir.com\/#website\"},\"primaryImageOfPage\":{\"@id\":\"https:\/\/gite-lariveduloir.com\/index.php\/la-piscine\/#primaryimage\"},\"image\":{\"@id\":\"https:\/\/gite-lariveduloir.com\/index.php\/la-piscine\/#primaryimage\"},\"thumbnailUrl\":\"https:\/\/gite-lariveduloir.com\/wp-content\/uploads\/2025\/08\/Vue-sur-la-piscine-et-sur-la-riviere-scaled.jpg\",\"datePublished\":\"2023-09-14T16:46:36+00:00\",\"dateModified\":\"2025-11-03T09:58:37+00:00\",\"breadcrumb\":{\"@id\":\"https:\/\/gite-lariveduloir.com\/index.php\/la-piscine\/#breadcrumb\"},\"inLanguage\":\"fr-FR\",\"potentialAction\":[{\"@type\":\"ReadAction\",\"target\":[\"https:\/\/gite-lariveduloir.com\/index.php\/la-piscine\/\"]}]},{\"@type\":\"ImageObject\",\"inLanguage\":\"fr-FR\",\"@id\":\"https:\/\/gite-lariveduloir.com\/index.php\/la-piscine\/#primaryimage\",\"url\":\"https:\/\/gite-lariveduloir.com\/wp-content\/uploads\/2025\/08\/Vue-sur-la-piscine-et-sur-la-riviere-scaled.jpg\",\"contentUrl\":\"https:\/\/gite-lariveduloir.com\/wp-content\/uploads\/2025\/08\/Vue-sur-la-piscine-et-sur-la-riviere-scaled.jpg\"},{\"@type\":\"BreadcrumbList\",\"@id\":\"https:\/\/gite-lariveduloir.com\/index.php\/la-piscine\/#breadcrumb\",\"itemListElement\":[{\"@type\":\"ListItem\",\"position\":1,\"name\":\"Accueil\",\"item\":\"https:\/\/gite-lariveduloir.com\/\"},{\"@type\":\"ListItem\",\"position\":2,\"name\":\"La piscine\"}]},{\"@type\":\"WebSite\",\"@id\":\"https:\/\/gite-lariveduloir.com\/#website\",\"url\":\"https:\/\/gite-lariveduloir.com\/\",\"name\":\"Gite La Rive du Loir\",\"description\":\"Gite \u00e0 La Fl\u00e8che\",\"publisher\":{\"@id\":\"https:\/\/gite-lariveduloir.com\/#organization\"},\"potentialAction\":[{\"@type\":\"SearchAction\",\"target\":{\"@type\":\"EntryPoint\",\"urlTemplate\":\"https:\/\/gite-lariveduloir.com\/?s={search_term_string}\"},\"query-input\":{\"@type\":\"PropertyValueSpecification\",\"valueRequired\":true,\"valueName\":\"search_term_string\"}}],\"inLanguage\":\"fr-FR\"},{\"@type\":\"Organization\",\"@id\":\"https:\/\/gite-lariveduloir.com\/#organization\",\"name\":\"Gite La Rive du Loir\",\"url\":\"https:\/\/gite-lariveduloir.com\/\",\"logo\":{\"@type\":\"ImageObject\",\"inLanguage\":\"fr-FR\",\"@id\":\"https:\/\/gite-lariveduloir.com\/#\/schema\/logo\/image\/\",\"url\":\"https:\/\/gite-lariveduloir.com\/wp-content\/uploads\/2025\/02\/cropped-cropped-LogolaRIVEduloirDEF-1.png\",\"contentUrl\":\"https:\/\/gite-lariveduloir.com\/wp-content\/uploads\/2025\/02\/cropped-cropped-LogolaRIVEduloirDEF-1.png\",\"width\":512,\"height\":512,\"caption\":\"Gite La Rive du Loir\"},\"image\":{\"@id\":\"https:\/\/gite-lariveduloir.com\/#\/schema\/logo\/image\/\"}}]}<\/script>\n<!-- \/ Yoast SEO plugin. -->","yoast_head_json":{"title":"La piscine - Gite La Rive du Loir","robots":{"index":"index","follow":"follow","max-snippet":"max-snippet:-1","max-image-preview":"max-image-preview:large","max-video-preview":"max-video-preview:-1"},"canonical":"https:\/\/gite-lariveduloir.com\/index.php\/la-piscine\/","og_locale":"fr_FR","og_type":"article","og_title":"La piscine - Gite La Rive du Loir","og_description":"La piscine (traitement au sel et non au chlore) Le G\u00eete La Rive du Loir est privatif (ouverture le 11 Juillet 2025), vous serez seul dans tout le g\u00eete. La piscine et l\u2019abri t\u00e9lescopique ont \u00e9t\u00e9 install\u00e9s en f\u00e9vrier 2025. La piscine de 6,50 m x 3,50 m est chauff\u00e9e \u00e0 29\u00b0, elle est privative.Lire la suite","og_url":"https:\/\/gite-lariveduloir.com\/index.php\/la-piscine\/","og_site_name":"Gite La Rive du Loir","article_modified_time":"2025-11-03T09:58:37+00:00","og_image":[{"url":"https:\/\/gite-lariveduloir.com\/wp-content\/uploads\/2025\/08\/Vue-sur-la-piscine-et-sur-la-riviere-scaled.jpg"}],"twitter_card":"summary_large_image","twitter_misc":{"Dur\u00e9e de lecture estim\u00e9e":"3 minutes"},"schema":{"@context":"https:\/\/schema.org","@graph":[{"@type":"WebPage","@id":"https:\/\/gite-lariveduloir.com\/index.php\/la-piscine\/","url":"https:\/\/gite-lariveduloir.com\/index.php\/la-piscine\/","name":"La piscine - Gite La Rive du Loir","isPartOf":{"@id":"https:\/\/gite-lariveduloir.com\/#website"},"primaryImageOfPage":{"@id":"https:\/\/gite-lariveduloir.com\/index.php\/la-piscine\/#primaryimage"},"image":{"@id":"https:\/\/gite-lariveduloir.com\/index.php\/la-piscine\/#primaryimage"},"thumbnailUrl":"https:\/\/gite-lariveduloir.com\/wp-content\/uploads\/2025\/08\/Vue-sur-la-piscine-et-sur-la-riviere-scaled.jpg","datePublished":"2023-09-14T16:46:36+00:00","dateModified":"2025-11-03T09:58:37+00:00","breadcrumb":{"@id":"https:\/\/gite-lariveduloir.com\/index.php\/la-piscine\/#breadcrumb"},"inLanguage":"fr-FR","potentialAction":[{"@type":"ReadAction","target":["https:\/\/gite-lariveduloir.com\/index.php\/la-piscine\/"]}]},{"@type":"ImageObject","inLanguage":"fr-FR","@id":"https:\/\/gite-lariveduloir.com\/index.php\/la-piscine\/#primaryimage","url":"https:\/\/gite-lariveduloir.com\/wp-content\/uploads\/2025\/08\/Vue-sur-la-piscine-et-sur-la-riviere-scaled.jpg","contentUrl":"https:\/\/gite-lariveduloir.com\/wp-content\/uploads\/2025\/08\/Vue-sur-la-piscine-et-sur-la-riviere-scaled.jpg"},{"@type":"BreadcrumbList","@id":"https:\/\/gite-lariveduloir.com\/index.php\/la-piscine\/#breadcrumb","itemListElement":[{"@type":"ListItem","position":1,"name":"Accueil","item":"https:\/\/gite-lariveduloir.com\/"},{"@type":"ListItem","position":2,"name":"La piscine"}]},{"@type":"WebSite","@id":"https:\/\/gite-lariveduloir.com\/#website","url":"https:\/\/gite-lariveduloir.com\/","name":"Gite La Rive du Loir","description":"Gite \u00e0 La Fl\u00e8che","publisher":{"@id":"https:\/\/gite-lariveduloir.com\/#organization"},"potentialAction":[{"@type":"SearchAction","target":{"@type":"EntryPoint","urlTemplate":"https:\/\/gite-lariveduloir.com\/?s={search_term_string}"},"query-input":{"@type":"PropertyValueSpecification","valueRequired":true,"valueName":"search_term_string"}}],"inLanguage":"fr-FR"},{"@type":"Organization","@id":"https:\/\/gite-lariveduloir.com\/#organization","name":"Gite La Rive du Loir","url":"https:\/\/gite-lariveduloir.com\/","logo":{"@type":"ImageObject","inLanguage":"fr-FR","@id":"https:\/\/gite-lariveduloir.com\/#\/schema\/logo\/image\/","url":"https:\/\/gite-lariveduloir.com\/wp-content\/uploads\/2025\/02\/cropped-cropped-LogolaRIVEduloirDEF-1.png","contentUrl":"https:\/\/gite-lariveduloir.com\/wp-content\/uploads\/2025\/02\/cropped-cropped-LogolaRIVEduloirDEF-1.png","width":512,"height":512,"caption":"Gite La Rive du Loir"},"image":{"@id":"https:\/\/gite-lariveduloir.com\/#\/schema\/logo\/image\/"}}]}},"jetpack_sharing_enabled":true,"_links":{"self":[{"href":"https:\/\/gite-lariveduloir.com\/index.php\/wp-json\/wp\/v2\/pages\/1944"}],"collection":[{"href":"https:\/\/gite-lariveduloir.com\/index.php\/wp-json\/wp\/v2\/pages"}],"about":[{"href":"https:\/\/gite-lariveduloir.com\/index.php\/wp-json\/wp\/v2\/types\/page"}],"author":[{"embeddable":true,"href":"https:\/\/gite-lariveduloir.com\/index.php\/wp-json\/wp\/v2\/users\/1"}],"replies":[{"embeddable":true,"href":"https:\/\/gite-lariveduloir.com\/index.php\/wp-json\/wp\/v2\/comments?post=1944"}],"version-history":[{"count":40,"href":"https:\/\/gite-lariveduloir.com\/index.php\/wp-json\/wp\/v2\/pages\/1944\/revisions"}],"predecessor-version":[{"id":2505,"href":"https:\/\/gite-lariveduloir.com\/index.php\/wp-json\/wp\/v2\/pages\/1944\/revisions\/2505"}],"wp:attachment":[{"href":"https:\/\/gite-lariveduloir.com\/index.php\/wp-json\/wp\/v2\/media?parent=1944"}],"curies":[{"name":"wp","href":"https:\/\/api.w.org\/{rel}","templated":true}]}}