{"id":18,"date":"2021-06-22T19:00:42","date_gmt":"2021-06-22T17:00:42","guid":{"rendered":"https:\/\/gite-laterrasseduloir.com\/?page_id=18"},"modified":"2025-11-03T15:44:56","modified_gmt":"2025-11-03T14:44:56","slug":"contact","status":"publish","type":"page","link":"https:\/\/gite-lariveduloir.com\/index.php\/contact\/","title":{"rendered":"Contact"},"content":{"rendered":"\t\t<div data-elementor-type=\"wp-page\" data-elementor-id=\"18\" class=\"elementor elementor-18\">\n\t\t\t\t\t\t<section class=\"elementor-section elementor-top-section elementor-element elementor-element-82482c0 elementor-section-full_width elementor-section-height-default elementor-section-height-default elementor-invisible\" data-id=\"82482c0\" data-element_type=\"section\" data-settings=\"{&quot;background_background&quot;:&quot;classic&quot;,&quot;animation&quot;:&quot;fadeInDown&quot;}\">\n\t\t\t\t\t\t\t<div class=\"elementor-background-overlay\"><\/div>\n\t\t\t\t\t\t\t<div class=\"elementor-container elementor-column-gap-default\">\n\t\t\t\t\t<div class=\"elementor-column elementor-col-100 elementor-top-column elementor-element elementor-element-8372cf3\" data-id=\"8372cf3\" data-element_type=\"column\" data-settings=\"{&quot;background_background&quot;:&quot;classic&quot;}\">\n\t\t\t<div class=\"elementor-widget-wrap elementor-element-populated\">\n\t\t\t\t\t\t<div class=\"elementor-element elementor-element-2484cb9 elementor-icon-list--layout-inline elementor-align-center elementor-list-item-link-full_width elementor-widget elementor-widget-icon-list\" data-id=\"2484cb9\" data-element_type=\"widget\" data-widget_type=\"icon-list.default\">\n\t\t\t\t<div class=\"elementor-widget-container\">\n\t\t\t\t\t\t\t<ul class=\"elementor-icon-list-items elementor-inline-items\">\n\t\t\t\t\t\t\t<li class=\"elementor-icon-list-item elementor-inline-item\">\n\t\t\t\t\t\t\t\t\t\t\t<span class=\"elementor-icon-list-icon\">\n\t\t\t\t\t\t\t<i aria-hidden=\"true\" class=\"fas fa-map-marker-alt\"><\/i>\t\t\t\t\t\t<\/span>\n\t\t\t\t\t\t\t\t\t\t<span class=\"elementor-icon-list-text\">895 Route du Lude 72200 La Fl\u00e8che - France<\/span>\n\t\t\t\t\t\t\t\t\t<\/li>\n\t\t\t\t\t\t\t\t<li class=\"elementor-icon-list-item elementor-inline-item\">\n\t\t\t\t\t\t\t\t\t\t\t<span class=\"elementor-icon-list-icon\">\n\t\t\t\t\t\t\t<i aria-hidden=\"true\" class=\"fas fa-phone-volume\"><\/i>\t\t\t\t\t\t<\/span>\n\t\t\t\t\t\t\t\t\t\t<span class=\"elementor-icon-list-text\"><b>Micka\u00ebl : 06 17 19 87 02 (R\u00c9SERVATIONS)<\/b><\/span>\n\t\t\t\t\t\t\t\t\t<\/li>\n\t\t\t\t\t\t\t\t<li class=\"elementor-icon-list-item elementor-inline-item\">\n\t\t\t\t\t\t\t\t\t\t\t<span class=\"elementor-icon-list-icon\">\n\t\t\t\t\t\t\t<i aria-hidden=\"true\" class=\"fas fa-phone-volume\"><\/i>\t\t\t\t\t\t<\/span>\n\t\t\t\t\t\t\t\t\t\t<span class=\"elementor-icon-list-text\">Christophe : 06 75 18 48 06 (RENSEIGNEMENTS)<\/span>\n\t\t\t\t\t\t\t\t\t<\/li>\n\t\t\t\t\t\t\t\t<li class=\"elementor-icon-list-item elementor-inline-item\">\n\t\t\t\t\t\t\t\t\t\t\t<a href=\"mailto:contact@gite-lariveduloir.com\" target=\"_blank\">\n\n\t\t\t\t\t\t\t\t\t\t\t\t<span class=\"elementor-icon-list-icon\">\n\t\t\t\t\t\t\t<i aria-hidden=\"true\" class=\"fas fa-paper-plane\"><\/i>\t\t\t\t\t\t<\/span>\n\t\t\t\t\t\t\t\t\t\t<span class=\"elementor-icon-list-text\">contact@gite-lariveduloir.com<\/span>\n\t\t\t\t\t\t\t\t\t\t\t<\/a>\n\t\t\t\t\t\t\t\t\t<\/li>\n\t\t\t\t\t\t\t\t<li class=\"elementor-icon-list-item elementor-inline-item\">\n\t\t\t\t\t\t\t\t\t\t\t<a href=\"https:\/\/www.facebook.com\/profile.php?id=100069725499227\" target=\"_blank\">\n\n\t\t\t\t\t\t\t\t\t\t\t\t<span class=\"elementor-icon-list-icon\">\n\t\t\t\t\t\t\t<i aria-hidden=\"true\" class=\"fab fa-facebook\"><\/i>\t\t\t\t\t\t<\/span>\n\t\t\t\t\t\t\t\t\t\t<span class=\"elementor-icon-list-text\">G\u00eetes : La Terrasse du Loir & La Rive du Loir<\/span>\n\t\t\t\t\t\t\t\t\t\t\t<\/a>\n\t\t\t\t\t\t\t\t\t<\/li>\n\t\t\t\t\t\t<\/ul>\n\t\t\t\t\t\t<\/div>\n\t\t\t\t<\/div>\n\t\t\t\t\t<\/div>\n\t\t<\/div>\n\t\t\t\t\t<\/div>\n\t\t<\/section>\n\t\t\t\t<section class=\"elementor-section elementor-top-section elementor-element elementor-element-21168e2e elementor-section-stretched elementor-section-boxed elementor-section-height-default elementor-section-height-default\" data-id=\"21168e2e\" data-element_type=\"section\" data-settings=\"{&quot;stretch_section&quot;:&quot;section-stretched&quot;}\">\n\t\t\t\t\t\t\t<div class=\"elementor-background-overlay\"><\/div>\n\t\t\t\t\t\t\t<div class=\"elementor-container elementor-column-gap-default\">\n\t\t\t\t\t<div class=\"elementor-column elementor-col-50 elementor-top-column elementor-element elementor-element-649d9324\" data-id=\"649d9324\" data-element_type=\"column\" data-settings=\"{&quot;background_background&quot;:&quot;classic&quot;}\">\n\t\t\t<div class=\"elementor-widget-wrap elementor-element-populated\">\n\t\t\t\t\t\t<div class=\"elementor-element elementor-element-7afad1f elementor-widget elementor-widget-heading\" data-id=\"7afad1f\" data-element_type=\"widget\" data-widget_type=\"heading.default\">\n\t\t\t\t<div class=\"elementor-widget-container\">\n\t\t\t\t\t<h3 class=\"elementor-heading-title elementor-size-large\">Demande d'information<\/h3>\t\t\t\t<\/div>\n\t\t\t\t<\/div>\n\t\t\t\t<div class=\"elementor-element elementor-element-48211af elementor-invisible elementor-widget elementor-widget-wpforms\" data-id=\"48211af\" data-element_type=\"widget\" data-settings=\"{&quot;_animation&quot;:&quot;fadeInLeft&quot;}\" data-widget_type=\"wpforms.default\">\n\t\t\t\t<div class=\"elementor-widget-container\">\n\t\t\t\t\t<div class=\"wpforms-container wpforms-container-full\" id=\"wpforms-2161\"><form id=\"wpforms-form-2161\" class=\"wpforms-validate wpforms-form wpforms-ajax-form\" data-formid=\"2161\" method=\"post\" enctype=\"multipart\/form-data\" action=\"\/index.php\/wp-json\/wp\/v2\/pages\/18\" data-token=\"63aa8892275e85bfea1dd791bed0f20e\" data-token-time=\"1777470593\"><noscript class=\"wpforms-error-noscript\">Veuillez activer JavaScript dans votre navigateur pour remplir ce formulaire.<\/noscript><div class=\"wpforms-field-container\"><div id=\"wpforms-2161-field_0-container\" class=\"wpforms-field wpforms-field-name\" data-field-id=\"0\"><label class=\"wpforms-field-label\" for=\"wpforms-2161-field_0\">Nom Pr\u00e9nom <span class=\"wpforms-required-label\">*<\/span><\/label><input type=\"text\" id=\"wpforms-2161-field_0\" class=\"wpforms-field-medium wpforms-field-required\" name=\"wpforms[fields][0]\" required><\/div><div id=\"wpforms-2161-field_11-container\" class=\"wpforms-field wpforms-field-text\" data-field-id=\"11\"><label class=\"wpforms-field-label\" for=\"wpforms-2161-field_11\">T\u00e9l\u00e9phone <span class=\"wpforms-required-label\">*<\/span><\/label><input type=\"text\" id=\"wpforms-2161-field_11\" class=\"wpforms-field-medium wpforms-field-required\" name=\"wpforms[fields][11]\" required><\/div><div id=\"wpforms-2161-field_1-container\" class=\"wpforms-field wpforms-field-email\" data-field-id=\"1\"><label class=\"wpforms-field-label\" for=\"wpforms-2161-field_1\">Email <span class=\"wpforms-required-label\">*<\/span><\/label><input type=\"email\" id=\"wpforms-2161-field_1\" class=\"wpforms-field-medium wpforms-field-required\" name=\"wpforms[fields][1]\" spellcheck=\"false\" required><\/div><div id=\"wpforms-2161-field_2-container\" class=\"wpforms-field wpforms-field-textarea\" data-field-id=\"2\"><label class=\"wpforms-field-label\" for=\"wpforms-2161-field_2\">Votre message <span class=\"wpforms-required-label\">*<\/span><\/label><textarea id=\"wpforms-2161-field_2\" class=\"wpforms-field-medium wpforms-field-required\" name=\"wpforms[fields][2]\" required><\/textarea><\/div><div id=\"wpforms-2161-field_3-container\" class=\"wpforms-field wpforms-field-number-slider\" data-field-id=\"3\"><label class=\"wpforms-field-label\" for=\"wpforms-2161-field_3\">Nombre de personnes<\/label>\n<input\n\ttype=\"range\"\n\tid=\"wpforms-2161-field_3\" class=\"wpforms-field-medium\" name=\"wpforms[fields][3]\" value=\"0\"\t\tmin=\"0\"\n\tmax=\"9\"\n\tstep=\"1\">\n\n<div class=\"wpforms-field-number-slider-hint\"\n\tdata-hint=\"Valeur s\u00e9lectionn\u00e9e : {value}\">\n\tValeur s\u00e9lectionn\u00e9e : <b>0<\/b><\/div>\n<\/div><div id=\"wpforms-2161-field_12-container\" class=\"wpforms-field wpforms-field-number-slider\" data-field-id=\"12\"><label class=\"wpforms-field-label\" for=\"wpforms-2161-field_12\">Nombre d&#039;adultes<\/label>\n<input\n\ttype=\"range\"\n\tid=\"wpforms-2161-field_12\" class=\"wpforms-field-medium\" name=\"wpforms[fields][12]\" value=\"0\"\t\tmin=\"0\"\n\tmax=\"9\"\n\tstep=\"1\">\n\n<div class=\"wpforms-field-number-slider-hint\"\n\tdata-hint=\"Valeur s\u00e9lectionn\u00e9e : {value}\">\n\tValeur s\u00e9lectionn\u00e9e : <b>0<\/b><\/div>\n<\/div><div id=\"wpforms-2161-field_13-container\" class=\"wpforms-field wpforms-field-number-slider\" data-field-id=\"13\"><label class=\"wpforms-field-label\" for=\"wpforms-2161-field_13\">Nombre d&#039;enfants<\/label>\n<input\n\ttype=\"range\"\n\tid=\"wpforms-2161-field_13\" class=\"wpforms-field-medium\" name=\"wpforms[fields][13]\" value=\"0\"\t\tmin=\"0\"\n\tmax=\"9\"\n\tstep=\"1\">\n\n<div class=\"wpforms-field-number-slider-hint\"\n\tdata-hint=\"Valeur s\u00e9lectionn\u00e9e : {value}\">\n\tValeur s\u00e9lectionn\u00e9e : <b>0<\/b><\/div>\n<\/div><div id=\"wpforms-2161-field_8-container\" class=\"wpforms-field wpforms-field-text\" data-field-id=\"8\"><label class=\"wpforms-field-label\" for=\"wpforms-2161-field_8\">Date d&#039;arriv\u00e9e <span class=\"wpforms-required-label\">*<\/span><\/label><input type=\"text\" id=\"wpforms-2161-field_8\" class=\"wpforms-field-small wpforms-field-required wpforms-limit-characters-enabled\" data-form-id=\"2161\" data-field-id=\"8\" data-text-limit=\"10\" name=\"wpforms[fields][8]\" value=\"04\/29\/2026\" maxlength=\"10\" required><\/div><div id=\"wpforms-2161-field_7-container\" class=\"wpforms-field wpforms-field-text\" data-field-id=\"7\"><label class=\"wpforms-field-label\" for=\"wpforms-2161-field_7\">Date de d\u00e9part <span class=\"wpforms-required-label\">*<\/span><\/label><input type=\"text\" id=\"wpforms-2161-field_7\" class=\"wpforms-field-small wpforms-field-required wpforms-limit-characters-enabled\" data-form-id=\"2161\" data-field-id=\"7\" data-text-limit=\"10\" name=\"wpforms[fields][7]\" value=\"04\/29\/2026\" maxlength=\"10\" required><\/div><\/div><!-- .wpforms-field-container --><div class=\"wpforms-submit-container\" ><input type=\"hidden\" name=\"wpforms[id]\" value=\"2161\"><input type=\"hidden\" name=\"page_title\" value=\"\"><input type=\"hidden\" name=\"page_url\" value=\"https:\/\/gite-lariveduloir.com\/index.php\/wp-json\/wp\/v2\/pages\/18\"><input type=\"hidden\" name=\"url_referer\" value=\"\"><button type=\"submit\" name=\"wpforms[submit]\" id=\"wpforms-submit-2161\" class=\"wpforms-submit\" data-alt-text=\"Envoi...\" data-submit-text=\"Envoyer\" aria-live=\"assertive\" value=\"wpforms-submit\">Envoyer<\/button><img decoding=\"async\" src=\"https:\/\/gite-lariveduloir.com\/wp-content\/plugins\/wpforms-lite\/assets\/images\/submit-spin.svg\" class=\"wpforms-submit-spinner\" style=\"display: none;\" width=\"26\" height=\"26\" alt=\"Chargement en cours\"><\/div><\/form><\/div>  <!-- .wpforms-container -->\t\t\t\t<\/div>\n\t\t\t\t<\/div>\n\t\t\t\t\t<\/div>\n\t\t<\/div>\n\t\t\t\t<div class=\"elementor-column elementor-col-50 elementor-top-column elementor-element elementor-element-5a1f833\" data-id=\"5a1f833\" data-element_type=\"column\">\n\t\t\t<div class=\"elementor-widget-wrap elementor-element-populated\">\n\t\t\t\t\t\t<div class=\"elementor-element elementor-element-cb4d23a elementor-view-stacked elementor-shape-circle elementor-widget elementor-widget-icon\" data-id=\"cb4d23a\" data-element_type=\"widget\" data-widget_type=\"icon.default\">\n\t\t\t\t<div class=\"elementor-widget-container\">\n\t\t\t\t\t\t\t<div class=\"elementor-icon-wrapper\">\n\t\t\t<div class=\"elementor-icon\">\n\t\t\t<i aria-hidden=\"true\" class=\"fas fa-map-signs\"><\/i>\t\t\t<\/div>\n\t\t<\/div>\n\t\t\t\t\t\t<\/div>\n\t\t\t\t<\/div>\n\t\t\t\t<div class=\"elementor-element elementor-element-5da6aba elementor-widget elementor-widget-google_maps\" data-id=\"5da6aba\" data-element_type=\"widget\" data-widget_type=\"google_maps.default\">\n\t\t\t\t<div class=\"elementor-widget-container\">\n\t\t\t\t\t\t\t<div class=\"elementor-custom-embed\">\n\t\t\t<iframe loading=\"lazy\"\n\t\t\t\t\tsrc=\"https:\/\/maps.google.com\/maps?q=895%20Route%20du%20Lude%2072200%20La%20Fl%C3%A8che&#038;t=m&#038;z=12&#038;output=embed&#038;iwloc=near\"\n\t\t\t\t\ttitle=\"895 Route du Lude 72200 La Fl\u00e8che\"\n\t\t\t\t\taria-label=\"895 Route du Lude 72200 La Fl\u00e8che\"\n\t\t\t><\/iframe>\n\t\t<\/div>\n\t\t\t\t\t\t<\/div>\n\t\t\t\t<\/div>\n\t\t\t\t\t<\/div>\n\t\t<\/div>\n\t\t\t\t\t<\/div>\n\t\t<\/section>\n\t\t\t\t<\/div>\n\t\t","protected":false},"excerpt":{"rendered":"<p>895 Route du Lude 72200 La Fl\u00e8che &#8211; France Micka\u00ebl : 06 17 19 87 02 (R\u00c9SERVATIONS) Christophe : 06 75 18 48 06 (RENSEIGNEMENTS) contact@gite-lariveduloir.com G\u00eetes : La Terrasse du Loir &#038; La Rive du Loir Demande d&rsquo;information Veuillez activer JavaScript dans votre navigateur pour remplir ce formulaire.Nom Pr\u00e9nom *T\u00e9l\u00e9phone *Email *Votre message *Nombre<\/p>\n<div><a class=\"btn-filled btn\" href=\"https:\/\/gite-lariveduloir.com\/index.php\/contact\/\" title=\"Contact\">Lire la suite<\/a><\/div>\n","protected":false},"author":1,"featured_media":0,"parent":0,"menu_order":0,"comment_status":"closed","ping_status":"closed","template":"page-templates\/full-width.php","meta":{"footnotes":""},"yoast_head":"<!-- This site is optimized with the Yoast SEO plugin v23.5 - https:\/\/yoast.com\/wordpress\/plugins\/seo\/ -->\n<title>Contact - Gite La Rive du Loir<\/title>\n<meta name=\"robots\" content=\"index, follow, max-snippet:-1, max-image-preview:large, max-video-preview:-1\" \/>\n<link rel=\"canonical\" href=\"https:\/\/gite-lariveduloir.com\/index.php\/contact\/\" \/>\n<meta property=\"og:locale\" content=\"fr_FR\" \/>\n<meta property=\"og:type\" content=\"article\" \/>\n<meta property=\"og:title\" content=\"Contact - Gite La Rive du Loir\" \/>\n<meta property=\"og:description\" content=\"895 Route du Lude 72200 La Fl\u00e8che &#8211; France Micka\u00ebl : 06 17 19 87 02 (R\u00c9SERVATIONS) Christophe : 06 75 18 48 06 (RENSEIGNEMENTS) contact@gite-lariveduloir.com G\u00eetes : La Terrasse du Loir &#038; La Rive du Loir Demande d&rsquo;information Veuillez activer JavaScript dans votre navigateur pour remplir ce formulaire.Nom Pr\u00e9nom *T\u00e9l\u00e9phone *Email *Votre message *NombreLire la suite\" \/>\n<meta property=\"og:url\" content=\"https:\/\/gite-lariveduloir.com\/index.php\/contact\/\" \/>\n<meta property=\"og:site_name\" content=\"Gite La Rive du Loir\" \/>\n<meta property=\"article:modified_time\" content=\"2025-11-03T14:44:56+00:00\" \/>\n<meta property=\"og:image\" content=\"https:\/\/gite-lariveduloir.com\/wp-content\/plugins\/wpforms-lite\/assets\/images\/submit-spin.svg\" \/>\n<meta name=\"twitter:card\" content=\"summary_large_image\" \/>\n<meta name=\"twitter:label1\" content=\"Dur\u00e9e de lecture estim\u00e9e\" \/>\n\t<meta name=\"twitter:data1\" content=\"1 minute\" \/>\n<script type=\"application\/ld+json\" class=\"yoast-schema-graph\">{\"@context\":\"https:\/\/schema.org\",\"@graph\":[{\"@type\":\"WebPage\",\"@id\":\"https:\/\/gite-lariveduloir.com\/index.php\/contact\/\",\"url\":\"https:\/\/gite-lariveduloir.com\/index.php\/contact\/\",\"name\":\"Contact - Gite La Rive du Loir\",\"isPartOf\":{\"@id\":\"https:\/\/gite-lariveduloir.com\/#website\"},\"primaryImageOfPage\":{\"@id\":\"https:\/\/gite-lariveduloir.com\/index.php\/contact\/#primaryimage\"},\"image\":{\"@id\":\"https:\/\/gite-lariveduloir.com\/index.php\/contact\/#primaryimage\"},\"thumbnailUrl\":\"https:\/\/gite-lariveduloir.com\/wp-content\/plugins\/wpforms-lite\/assets\/images\/submit-spin.svg\",\"datePublished\":\"2021-06-22T17:00:42+00:00\",\"dateModified\":\"2025-11-03T14:44:56+00:00\",\"breadcrumb\":{\"@id\":\"https:\/\/gite-lariveduloir.com\/index.php\/contact\/#breadcrumb\"},\"inLanguage\":\"fr-FR\",\"potentialAction\":[{\"@type\":\"ReadAction\",\"target\":[\"https:\/\/gite-lariveduloir.com\/index.php\/contact\/\"]}]},{\"@type\":\"ImageObject\",\"inLanguage\":\"fr-FR\",\"@id\":\"https:\/\/gite-lariveduloir.com\/index.php\/contact\/#primaryimage\",\"url\":\"https:\/\/gite-lariveduloir.com\/wp-content\/plugins\/wpforms-lite\/assets\/images\/submit-spin.svg\",\"contentUrl\":\"https:\/\/gite-lariveduloir.com\/wp-content\/plugins\/wpforms-lite\/assets\/images\/submit-spin.svg\"},{\"@type\":\"BreadcrumbList\",\"@id\":\"https:\/\/gite-lariveduloir.com\/index.php\/contact\/#breadcrumb\",\"itemListElement\":[{\"@type\":\"ListItem\",\"position\":1,\"name\":\"Accueil\",\"item\":\"https:\/\/gite-lariveduloir.com\/\"},{\"@type\":\"ListItem\",\"position\":2,\"name\":\"Contact\"}]},{\"@type\":\"WebSite\",\"@id\":\"https:\/\/gite-lariveduloir.com\/#website\",\"url\":\"https:\/\/gite-lariveduloir.com\/\",\"name\":\"Gite La Rive du Loir\",\"description\":\"Gite \u00e0 La Fl\u00e8che\",\"publisher\":{\"@id\":\"https:\/\/gite-lariveduloir.com\/#organization\"},\"potentialAction\":[{\"@type\":\"SearchAction\",\"target\":{\"@type\":\"EntryPoint\",\"urlTemplate\":\"https:\/\/gite-lariveduloir.com\/?s={search_term_string}\"},\"query-input\":{\"@type\":\"PropertyValueSpecification\",\"valueRequired\":true,\"valueName\":\"search_term_string\"}}],\"inLanguage\":\"fr-FR\"},{\"@type\":\"Organization\",\"@id\":\"https:\/\/gite-lariveduloir.com\/#organization\",\"name\":\"Gite La Rive du Loir\",\"url\":\"https:\/\/gite-lariveduloir.com\/\",\"logo\":{\"@type\":\"ImageObject\",\"inLanguage\":\"fr-FR\",\"@id\":\"https:\/\/gite-lariveduloir.com\/#\/schema\/logo\/image\/\",\"url\":\"https:\/\/gite-lariveduloir.com\/wp-content\/uploads\/2025\/02\/cropped-cropped-LogolaRIVEduloirDEF-1.png\",\"contentUrl\":\"https:\/\/gite-lariveduloir.com\/wp-content\/uploads\/2025\/02\/cropped-cropped-LogolaRIVEduloirDEF-1.png\",\"width\":512,\"height\":512,\"caption\":\"Gite La Rive du Loir\"},\"image\":{\"@id\":\"https:\/\/gite-lariveduloir.com\/#\/schema\/logo\/image\/\"}}]}<\/script>\n<!-- \/ Yoast SEO plugin. -->","yoast_head_json":{"title":"Contact - Gite La Rive du Loir","robots":{"index":"index","follow":"follow","max-snippet":"max-snippet:-1","max-image-preview":"max-image-preview:large","max-video-preview":"max-video-preview:-1"},"canonical":"https:\/\/gite-lariveduloir.com\/index.php\/contact\/","og_locale":"fr_FR","og_type":"article","og_title":"Contact - Gite La Rive du Loir","og_description":"895 Route du Lude 72200 La Fl\u00e8che &#8211; France Micka\u00ebl : 06 17 19 87 02 (R\u00c9SERVATIONS) Christophe : 06 75 18 48 06 (RENSEIGNEMENTS) contact@gite-lariveduloir.com G\u00eetes : La Terrasse du Loir &#038; La Rive du Loir Demande d&rsquo;information Veuillez activer JavaScript dans votre navigateur pour remplir ce formulaire.Nom Pr\u00e9nom *T\u00e9l\u00e9phone *Email *Votre message *NombreLire la suite","og_url":"https:\/\/gite-lariveduloir.com\/index.php\/contact\/","og_site_name":"Gite La Rive du Loir","article_modified_time":"2025-11-03T14:44:56+00:00","og_image":[{"url":"https:\/\/gite-lariveduloir.com\/wp-content\/plugins\/wpforms-lite\/assets\/images\/submit-spin.svg"}],"twitter_card":"summary_large_image","twitter_misc":{"Dur\u00e9e de lecture estim\u00e9e":"1 minute"},"schema":{"@context":"https:\/\/schema.org","@graph":[{"@type":"WebPage","@id":"https:\/\/gite-lariveduloir.com\/index.php\/contact\/","url":"https:\/\/gite-lariveduloir.com\/index.php\/contact\/","name":"Contact - Gite La Rive du Loir","isPartOf":{"@id":"https:\/\/gite-lariveduloir.com\/#website"},"primaryImageOfPage":{"@id":"https:\/\/gite-lariveduloir.com\/index.php\/contact\/#primaryimage"},"image":{"@id":"https:\/\/gite-lariveduloir.com\/index.php\/contact\/#primaryimage"},"thumbnailUrl":"https:\/\/gite-lariveduloir.com\/wp-content\/plugins\/wpforms-lite\/assets\/images\/submit-spin.svg","datePublished":"2021-06-22T17:00:42+00:00","dateModified":"2025-11-03T14:44:56+00:00","breadcrumb":{"@id":"https:\/\/gite-lariveduloir.com\/index.php\/contact\/#breadcrumb"},"inLanguage":"fr-FR","potentialAction":[{"@type":"ReadAction","target":["https:\/\/gite-lariveduloir.com\/index.php\/contact\/"]}]},{"@type":"ImageObject","inLanguage":"fr-FR","@id":"https:\/\/gite-lariveduloir.com\/index.php\/contact\/#primaryimage","url":"https:\/\/gite-lariveduloir.com\/wp-content\/plugins\/wpforms-lite\/assets\/images\/submit-spin.svg","contentUrl":"https:\/\/gite-lariveduloir.com\/wp-content\/plugins\/wpforms-lite\/assets\/images\/submit-spin.svg"},{"@type":"BreadcrumbList","@id":"https:\/\/gite-lariveduloir.com\/index.php\/contact\/#breadcrumb","itemListElement":[{"@type":"ListItem","position":1,"name":"Accueil","item":"https:\/\/gite-lariveduloir.com\/"},{"@type":"ListItem","position":2,"name":"Contact"}]},{"@type":"WebSite","@id":"https:\/\/gite-lariveduloir.com\/#website","url":"https:\/\/gite-lariveduloir.com\/","name":"Gite La Rive du Loir","description":"Gite \u00e0 La Fl\u00e8che","publisher":{"@id":"https:\/\/gite-lariveduloir.com\/#organization"},"potentialAction":[{"@type":"SearchAction","target":{"@type":"EntryPoint","urlTemplate":"https:\/\/gite-lariveduloir.com\/?s={search_term_string}"},"query-input":{"@type":"PropertyValueSpecification","valueRequired":true,"valueName":"search_term_string"}}],"inLanguage":"fr-FR"},{"@type":"Organization","@id":"https:\/\/gite-lariveduloir.com\/#organization","name":"Gite La Rive du Loir","url":"https:\/\/gite-lariveduloir.com\/","logo":{"@type":"ImageObject","inLanguage":"fr-FR","@id":"https:\/\/gite-lariveduloir.com\/#\/schema\/logo\/image\/","url":"https:\/\/gite-lariveduloir.com\/wp-content\/uploads\/2025\/02\/cropped-cropped-LogolaRIVEduloirDEF-1.png","contentUrl":"https:\/\/gite-lariveduloir.com\/wp-content\/uploads\/2025\/02\/cropped-cropped-LogolaRIVEduloirDEF-1.png","width":512,"height":512,"caption":"Gite La Rive du Loir"},"image":{"@id":"https:\/\/gite-lariveduloir.com\/#\/schema\/logo\/image\/"}}]}},"jetpack_sharing_enabled":true,"_links":{"self":[{"href":"https:\/\/gite-lariveduloir.com\/index.php\/wp-json\/wp\/v2\/pages\/18"}],"collection":[{"href":"https:\/\/gite-lariveduloir.com\/index.php\/wp-json\/wp\/v2\/pages"}],"about":[{"href":"https:\/\/gite-lariveduloir.com\/index.php\/wp-json\/wp\/v2\/types\/page"}],"author":[{"embeddable":true,"href":"https:\/\/gite-lariveduloir.com\/index.php\/wp-json\/wp\/v2\/users\/1"}],"replies":[{"embeddable":true,"href":"https:\/\/gite-lariveduloir.com\/index.php\/wp-json\/wp\/v2\/comments?post=18"}],"version-history":[{"count":216,"href":"https:\/\/gite-lariveduloir.com\/index.php\/wp-json\/wp\/v2\/pages\/18\/revisions"}],"predecessor-version":[{"id":2521,"href":"https:\/\/gite-lariveduloir.com\/index.php\/wp-json\/wp\/v2\/pages\/18\/revisions\/2521"}],"wp:attachment":[{"href":"https:\/\/gite-lariveduloir.com\/index.php\/wp-json\/wp\/v2\/media?parent=18"}],"curies":[{"name":"wp","href":"https:\/\/api.w.org\/{rel}","templated":true}]}}