{"id":124,"date":"2021-08-03T17:48:12","date_gmt":"2021-08-03T15:48:12","guid":{"rendered":"https:\/\/gite-laterrasseduloir.com\/?page_id=124"},"modified":"2025-08-12T17:38:54","modified_gmt":"2025-08-12T15:38:54","slug":"pieces","status":"publish","type":"page","link":"https:\/\/gite-lariveduloir.com\/index.php\/pieces\/","title":{"rendered":"Le g\u00eete"},"content":{"rendered":"\t\t<div data-elementor-type=\"wp-page\" data-elementor-id=\"124\" class=\"elementor elementor-124\">\n\t\t\t\t\t\t<section class=\"elementor-section elementor-top-section elementor-element elementor-element-8d19c50 elementor-section-boxed elementor-section-height-default elementor-section-height-default elementor-invisible\" data-id=\"8d19c50\" data-element_type=\"section\" data-settings=\"{&quot;background_background&quot;:&quot;slideshow&quot;,&quot;background_slideshow_gallery&quot;:[{&quot;id&quot;:2272,&quot;url&quot;:&quot;https:\\\/\\\/gite-lariveduloir.com\\\/wp-content\\\/uploads\\\/2025\\\/08\\\/Cuisine-toute-equipee-1-scaled.jpg&quot;}],&quot;animation&quot;:&quot;fadeInDown&quot;,&quot;background_slideshow_slide_duration&quot;:5000,&quot;background_slideshow_slide_transition&quot;:&quot;fade&quot;,&quot;background_slideshow_transition_duration&quot;:500}\">\n\t\t\t\t\t\t<div class=\"elementor-container elementor-column-gap-default\">\n\t\t\t\t\t<div class=\"elementor-column elementor-col-100 elementor-top-column elementor-element elementor-element-f166113\" data-id=\"f166113\" data-element_type=\"column\">\n\t\t\t<div class=\"elementor-widget-wrap elementor-element-populated\">\n\t\t\t\t\t\t<div class=\"elementor-element elementor-element-bb98774 elementor-widget elementor-widget-heading\" data-id=\"bb98774\" data-element_type=\"widget\" data-widget_type=\"heading.default\">\n\t\t\t\t<div class=\"elementor-widget-container\">\n\t\t\t\t\t<h4 class=\"elementor-heading-title elementor-size-default\">LE G\u00ceTE<\/h4>\t\t\t\t<\/div>\n\t\t\t\t<\/div>\n\t\t\t\t\t<\/div>\n\t\t<\/div>\n\t\t\t\t\t<\/div>\n\t\t<\/section>\n\t\t\t\t<section class=\"elementor-section elementor-top-section elementor-element elementor-element-e6bdb0a elementor-section-stretched elementor-section-full_width elementor-section-height-min-height elementor-section-height-default elementor-section-items-middle\" data-id=\"e6bdb0a\" data-element_type=\"section\" data-settings=\"{&quot;stretch_section&quot;:&quot;section-stretched&quot;}\">\n\t\t\t\t\t\t\t<div class=\"elementor-background-overlay\"><\/div>\n\t\t\t\t\t\t\t<div class=\"elementor-container elementor-column-gap-default\">\n\t\t\t\t\t<div class=\"elementor-column elementor-col-100 elementor-top-column elementor-element elementor-element-8d11d94\" data-id=\"8d11d94\" data-element_type=\"column\">\n\t\t\t<div class=\"elementor-widget-wrap elementor-element-populated\">\n\t\t\t\t\t\t<div class=\"elementor-element elementor-element-ec0df22 elementor-invisible elementor-widget elementor-widget-text-editor\" data-id=\"ec0df22\" data-element_type=\"widget\" data-settings=\"{&quot;_animation&quot;:&quot;fadeInDown&quot;}\" data-widget_type=\"text-editor.default\">\n\t\t\t\t<div class=\"elementor-widget-container\">\n\t\t\t\t\t\t\t\t\t<p><strong>Pour un s\u00e9jour id\u00e9al, jusqu&rsquo;\u00e0 9 pers , \u00e0 2,5km du Zoo de la Fl\u00e8che&#8230; Confort, ambiance zoo et s\u00e9r\u00e9nit\u00e9 au bord du Loir assur\u00e9s dans le g\u00eete de la Rive du Loir.<\/strong><\/p><p><strong>Ce lieu peut recevoir la bonne humeur mais pas les f\u00eates d&rsquo;anniversaires ou autres soir\u00e9es qui nuiraient \u00e0 la tranquillit\u00e9 des voisins.<\/strong><br \/><strong>Tout proche du zoo de la Fl\u00e8che, possibilit\u00e9 de venir en famille ou entre amis, jusqu&rsquo;\u00e0 9 couchages. Le lac de la Monnerie est \u00e0 10 mn \u00e0<\/strong><br \/><strong>pied pour la baignade, la p\u00eache, les activit\u00e9s nautiques ou bien pour sa plage de sable blanc.<\/strong><\/p><p><strong>T<\/strong><strong>errain clos au bord de l&rsquo;eau, Le Loir.<\/strong><\/p><p><strong>Jeu \u00e0 disposition, filet et raquette<\/strong><strong> de badminton, Molky, jeu de p\u00e9tanque adulte et enfant, jeu de palet sur planche en bois, raquette plage.<\/strong><\/p>\t\t\t\t\t\t\t\t<\/div>\n\t\t\t\t<\/div>\n\t\t\t\t<div class=\"elementor-element elementor-element-7b692e6 elementor-view-default elementor-widget elementor-widget-icon\" data-id=\"7b692e6\" data-element_type=\"widget\" data-widget_type=\"icon.default\">\n\t\t\t\t<div class=\"elementor-widget-container\">\n\t\t\t\t\t\t\t<div class=\"elementor-icon-wrapper\">\n\t\t\t<div class=\"elementor-icon\">\n\t\t\t<i aria-hidden=\"true\" class=\"fas fa-arrow-alt-circle-down\"><\/i>\t\t\t<\/div>\n\t\t<\/div>\n\t\t\t\t\t\t<\/div>\n\t\t\t\t<\/div>\n\t\t\t\t\t<\/div>\n\t\t<\/div>\n\t\t\t\t\t<\/div>\n\t\t<\/section>\n\t\t\t\t<section class=\"elementor-section elementor-top-section elementor-element elementor-element-66e3bd8 elementor-section-boxed elementor-section-height-default elementor-section-height-default elementor-invisible\" data-id=\"66e3bd8\" data-element_type=\"section\" data-settings=\"{&quot;animation&quot;:&quot;fadeInUp&quot;}\">\n\t\t\t\t\t\t<div class=\"elementor-container elementor-column-gap-default\">\n\t\t\t\t\t<div class=\"elementor-column elementor-col-50 elementor-top-column elementor-element elementor-element-2901b56\" data-id=\"2901b56\" data-element_type=\"column\" data-settings=\"{&quot;background_background&quot;:&quot;classic&quot;}\">\n\t\t\t<div class=\"elementor-widget-wrap elementor-element-populated\">\n\t\t\t\t\t\t<div class=\"elementor-element elementor-element-fe31259 elementor-view-stacked elementor-shape-circle elementor-widget elementor-widget-icon\" data-id=\"fe31259\" data-element_type=\"widget\" data-widget_type=\"icon.default\">\n\t\t\t\t<div class=\"elementor-widget-container\">\n\t\t\t\t\t\t\t<div class=\"elementor-icon-wrapper\">\n\t\t\t<a class=\"elementor-icon\" href=\"https:\/\/gite-lariveduloir.com\/index.php\/pieces-2\/\" target=\"_blank\">\n\t\t\t<i aria-hidden=\"true\" class=\"fas fa-bed\"><\/i>\t\t\t<\/a>\n\t\t<\/div>\n\t\t\t\t\t\t<\/div>\n\t\t\t\t<\/div>\n\t\t\t\t<div class=\"elementor-element elementor-element-286daa0 elementor-widget elementor-widget-heading\" data-id=\"286daa0\" data-element_type=\"widget\" data-widget_type=\"heading.default\">\n\t\t\t\t<div class=\"elementor-widget-container\">\n\t\t\t\t\t<h5 class=\"elementor-heading-title elementor-size-default\"><a href=\"https:\/\/gite-lariveduloir.com\/index.php\/pieces-2\/\" target=\"_blank\">Les pi\u00e8ces<\/a><\/h5>\t\t\t\t<\/div>\n\t\t\t\t<\/div>\n\t\t\t\t<div class=\"elementor-element elementor-element-0d15b07 elementor-widget elementor-widget-image\" data-id=\"0d15b07\" data-element_type=\"widget\" data-widget_type=\"image.default\">\n\t\t\t\t<div class=\"elementor-widget-container\">\n\t\t\t\t\t\t\t\t\t\t\t\t\t\t\t\t<a href=\"https:\/\/gite-lariveduloir.com\/index.php\/pieces-2\/\" target=\"_blank\">\n\t\t\t\t\t\t\t<img fetchpriority=\"high\" decoding=\"async\" width=\"2560\" height=\"1183\" src=\"https:\/\/gite-lariveduloir.com\/wp-content\/uploads\/2025\/08\/20250706_135747-scaled.jpg\" class=\"attachment-full size-full wp-image-2189\" alt=\"\" srcset=\"https:\/\/gite-lariveduloir.com\/wp-content\/uploads\/2025\/08\/20250706_135747-scaled.jpg 2560w, https:\/\/gite-lariveduloir.com\/wp-content\/uploads\/2025\/08\/20250706_135747-300x139.jpg 300w, https:\/\/gite-lariveduloir.com\/wp-content\/uploads\/2025\/08\/20250706_135747-1024x473.jpg 1024w, https:\/\/gite-lariveduloir.com\/wp-content\/uploads\/2025\/08\/20250706_135747-768x355.jpg 768w, https:\/\/gite-lariveduloir.com\/wp-content\/uploads\/2025\/08\/20250706_135747-1536x710.jpg 1536w, https:\/\/gite-lariveduloir.com\/wp-content\/uploads\/2025\/08\/20250706_135747-2048x946.jpg 2048w, https:\/\/gite-lariveduloir.com\/wp-content\/uploads\/2025\/08\/20250706_135747-228x105.jpg 228w\" sizes=\"(max-width: 2560px) 100vw, 2560px\" \/>\t\t\t\t\t\t\t\t<\/a>\n\t\t\t\t\t\t\t\t\t\t\t\t\t\t\t<\/div>\n\t\t\t\t<\/div>\n\t\t\t\t\t<\/div>\n\t\t<\/div>\n\t\t\t\t<div class=\"elementor-column elementor-col-50 elementor-top-column elementor-element elementor-element-bc89999\" data-id=\"bc89999\" data-element_type=\"column\" data-settings=\"{&quot;background_background&quot;:&quot;classic&quot;}\">\n\t\t\t<div class=\"elementor-widget-wrap elementor-element-populated\">\n\t\t\t\t\t\t<div class=\"elementor-element elementor-element-f3a048d elementor-view-stacked elementor-shape-circle elementor-widget elementor-widget-icon\" data-id=\"f3a048d\" data-element_type=\"widget\" data-widget_type=\"icon.default\">\n\t\t\t\t<div class=\"elementor-widget-container\">\n\t\t\t\t\t\t\t<div class=\"elementor-icon-wrapper\">\n\t\t\t<a class=\"elementor-icon\" href=\"https:\/\/gite-lariveduloir.com\/index.php\/exterieur\/\" target=\"_blank\">\n\t\t\t<i aria-hidden=\"true\" class=\"fas fa-leaf\"><\/i>\t\t\t<\/a>\n\t\t<\/div>\n\t\t\t\t\t\t<\/div>\n\t\t\t\t<\/div>\n\t\t\t\t<div class=\"elementor-element elementor-element-83b3d2a elementor-widget elementor-widget-heading\" data-id=\"83b3d2a\" data-element_type=\"widget\" data-widget_type=\"heading.default\">\n\t\t\t\t<div class=\"elementor-widget-container\">\n\t\t\t\t\t<h5 class=\"elementor-heading-title elementor-size-default\"><a href=\"https:\/\/gite-lariveduloir.com\/index.php\/exterieur\/\" target=\"_blank\">Les ext\u00e9rieurs<\/a><\/h5>\t\t\t\t<\/div>\n\t\t\t\t<\/div>\n\t\t\t\t<div class=\"elementor-element elementor-element-2026d74 elementor-widget elementor-widget-image\" data-id=\"2026d74\" data-element_type=\"widget\" data-widget_type=\"image.default\">\n\t\t\t\t<div class=\"elementor-widget-container\">\n\t\t\t\t\t\t\t\t\t\t\t\t\t\t\t\t<a href=\"https:\/\/gite-lariveduloir.com\/index.php\/exterieur\/\" target=\"_blank\">\n\t\t\t\t\t\t\t<img decoding=\"async\" width=\"2048\" height=\"946\" src=\"https:\/\/gite-lariveduloir.com\/wp-content\/uploads\/2025\/08\/En-venant-de-la-cour-2048x946.jpg\" class=\"attachment-2048x2048 size-2048x2048 wp-image-2202\" alt=\"En venant de la cour\" srcset=\"https:\/\/gite-lariveduloir.com\/wp-content\/uploads\/2025\/08\/En-venant-de-la-cour-2048x946.jpg 2048w, https:\/\/gite-lariveduloir.com\/wp-content\/uploads\/2025\/08\/En-venant-de-la-cour-300x139.jpg 300w, https:\/\/gite-lariveduloir.com\/wp-content\/uploads\/2025\/08\/En-venant-de-la-cour-1024x473.jpg 1024w, https:\/\/gite-lariveduloir.com\/wp-content\/uploads\/2025\/08\/En-venant-de-la-cour-768x355.jpg 768w, https:\/\/gite-lariveduloir.com\/wp-content\/uploads\/2025\/08\/En-venant-de-la-cour-1536x710.jpg 1536w, https:\/\/gite-lariveduloir.com\/wp-content\/uploads\/2025\/08\/En-venant-de-la-cour-228x105.jpg 228w\" sizes=\"(max-width: 2048px) 100vw, 2048px\" \/>\t\t\t\t\t\t\t\t<\/a>\n\t\t\t\t\t\t\t\t\t\t\t\t\t\t\t<\/div>\n\t\t\t\t<\/div>\n\t\t\t\t\t<\/div>\n\t\t<\/div>\n\t\t\t\t\t<\/div>\n\t\t<\/section>\n\t\t\t\t<\/div>\n\t\t","protected":false},"excerpt":{"rendered":"<p>LE G\u00ceTE Pour un s\u00e9jour id\u00e9al, jusqu&rsquo;\u00e0 9 pers , \u00e0 2,5km du Zoo de la Fl\u00e8che&#8230; Confort, ambiance zoo et s\u00e9r\u00e9nit\u00e9 au bord du Loir assur\u00e9s dans le g\u00eete de la Rive du Loir. Ce lieu peut recevoir la bonne humeur mais pas les f\u00eates d&rsquo;anniversaires ou autres soir\u00e9es qui nuiraient \u00e0 la tranquillit\u00e9<\/p>\n<div><a class=\"btn-filled btn\" href=\"https:\/\/gite-lariveduloir.com\/index.php\/pieces\/\" title=\"Le g\u00eete\">Lire la suite<\/a><\/div>\n","protected":false},"author":1,"featured_media":0,"parent":0,"menu_order":0,"comment_status":"closed","ping_status":"closed","template":"","meta":{"footnotes":""},"yoast_head":"<!-- This site is optimized with the Yoast SEO plugin v23.5 - https:\/\/yoast.com\/wordpress\/plugins\/seo\/ -->\n<title>Le g\u00eete - Gite La Rive du Loir<\/title>\n<meta name=\"robots\" content=\"index, follow, max-snippet:-1, max-image-preview:large, max-video-preview:-1\" \/>\n<link rel=\"canonical\" href=\"https:\/\/gite-lariveduloir.com\/index.php\/pieces\/\" \/>\n<meta property=\"og:locale\" content=\"fr_FR\" \/>\n<meta property=\"og:type\" content=\"article\" \/>\n<meta property=\"og:title\" content=\"Le g\u00eete - Gite La Rive du Loir\" \/>\n<meta property=\"og:description\" content=\"LE G\u00ceTE Pour un s\u00e9jour id\u00e9al, jusqu&rsquo;\u00e0 9 pers , \u00e0 2,5km du Zoo de la Fl\u00e8che&#8230; Confort, ambiance zoo et s\u00e9r\u00e9nit\u00e9 au bord du Loir assur\u00e9s dans le g\u00eete de la Rive du Loir. Ce lieu peut recevoir la bonne humeur mais pas les f\u00eates d&rsquo;anniversaires ou autres soir\u00e9es qui nuiraient \u00e0 la tranquillit\u00e9Lire la suite\" \/>\n<meta property=\"og:url\" content=\"https:\/\/gite-lariveduloir.com\/index.php\/pieces\/\" \/>\n<meta property=\"og:site_name\" content=\"Gite La Rive du Loir\" \/>\n<meta property=\"article:modified_time\" content=\"2025-08-12T15:38:54+00:00\" \/>\n<meta property=\"og:image\" content=\"https:\/\/gite-lariveduloir.com\/wp-content\/uploads\/2025\/08\/20250706_135747-scaled.jpg\" \/>\n<meta name=\"twitter:card\" content=\"summary_large_image\" \/>\n<meta name=\"twitter:label1\" content=\"Dur\u00e9e de lecture estim\u00e9e\" \/>\n\t<meta name=\"twitter:data1\" content=\"2 minutes\" \/>\n<script type=\"application\/ld+json\" class=\"yoast-schema-graph\">{\"@context\":\"https:\/\/schema.org\",\"@graph\":[{\"@type\":\"WebPage\",\"@id\":\"https:\/\/gite-lariveduloir.com\/index.php\/pieces\/\",\"url\":\"https:\/\/gite-lariveduloir.com\/index.php\/pieces\/\",\"name\":\"Le g\u00eete - Gite La Rive du Loir\",\"isPartOf\":{\"@id\":\"https:\/\/gite-lariveduloir.com\/#website\"},\"primaryImageOfPage\":{\"@id\":\"https:\/\/gite-lariveduloir.com\/index.php\/pieces\/#primaryimage\"},\"image\":{\"@id\":\"https:\/\/gite-lariveduloir.com\/index.php\/pieces\/#primaryimage\"},\"thumbnailUrl\":\"https:\/\/gite-lariveduloir.com\/wp-content\/uploads\/2025\/08\/20250706_135747-scaled.jpg\",\"datePublished\":\"2021-08-03T15:48:12+00:00\",\"dateModified\":\"2025-08-12T15:38:54+00:00\",\"breadcrumb\":{\"@id\":\"https:\/\/gite-lariveduloir.com\/index.php\/pieces\/#breadcrumb\"},\"inLanguage\":\"fr-FR\",\"potentialAction\":[{\"@type\":\"ReadAction\",\"target\":[\"https:\/\/gite-lariveduloir.com\/index.php\/pieces\/\"]}]},{\"@type\":\"ImageObject\",\"inLanguage\":\"fr-FR\",\"@id\":\"https:\/\/gite-lariveduloir.com\/index.php\/pieces\/#primaryimage\",\"url\":\"https:\/\/gite-lariveduloir.com\/wp-content\/uploads\/2025\/08\/20250706_135747-scaled.jpg\",\"contentUrl\":\"https:\/\/gite-lariveduloir.com\/wp-content\/uploads\/2025\/08\/20250706_135747-scaled.jpg\",\"width\":2560,\"height\":1183},{\"@type\":\"BreadcrumbList\",\"@id\":\"https:\/\/gite-lariveduloir.com\/index.php\/pieces\/#breadcrumb\",\"itemListElement\":[{\"@type\":\"ListItem\",\"position\":1,\"name\":\"Accueil\",\"item\":\"https:\/\/gite-lariveduloir.com\/\"},{\"@type\":\"ListItem\",\"position\":2,\"name\":\"Le g\u00eete\"}]},{\"@type\":\"WebSite\",\"@id\":\"https:\/\/gite-lariveduloir.com\/#website\",\"url\":\"https:\/\/gite-lariveduloir.com\/\",\"name\":\"Gite La Rive du Loir\",\"description\":\"Gite \u00e0 La Fl\u00e8che\",\"publisher\":{\"@id\":\"https:\/\/gite-lariveduloir.com\/#organization\"},\"potentialAction\":[{\"@type\":\"SearchAction\",\"target\":{\"@type\":\"EntryPoint\",\"urlTemplate\":\"https:\/\/gite-lariveduloir.com\/?s={search_term_string}\"},\"query-input\":{\"@type\":\"PropertyValueSpecification\",\"valueRequired\":true,\"valueName\":\"search_term_string\"}}],\"inLanguage\":\"fr-FR\"},{\"@type\":\"Organization\",\"@id\":\"https:\/\/gite-lariveduloir.com\/#organization\",\"name\":\"Gite La Rive du Loir\",\"url\":\"https:\/\/gite-lariveduloir.com\/\",\"logo\":{\"@type\":\"ImageObject\",\"inLanguage\":\"fr-FR\",\"@id\":\"https:\/\/gite-lariveduloir.com\/#\/schema\/logo\/image\/\",\"url\":\"https:\/\/gite-lariveduloir.com\/wp-content\/uploads\/2025\/02\/cropped-cropped-LogolaRIVEduloirDEF-1.png\",\"contentUrl\":\"https:\/\/gite-lariveduloir.com\/wp-content\/uploads\/2025\/02\/cropped-cropped-LogolaRIVEduloirDEF-1.png\",\"width\":512,\"height\":512,\"caption\":\"Gite La Rive du Loir\"},\"image\":{\"@id\":\"https:\/\/gite-lariveduloir.com\/#\/schema\/logo\/image\/\"}}]}<\/script>\n<!-- \/ Yoast SEO plugin. -->","yoast_head_json":{"title":"Le g\u00eete - Gite La Rive du Loir","robots":{"index":"index","follow":"follow","max-snippet":"max-snippet:-1","max-image-preview":"max-image-preview:large","max-video-preview":"max-video-preview:-1"},"canonical":"https:\/\/gite-lariveduloir.com\/index.php\/pieces\/","og_locale":"fr_FR","og_type":"article","og_title":"Le g\u00eete - Gite La Rive du Loir","og_description":"LE G\u00ceTE Pour un s\u00e9jour id\u00e9al, jusqu&rsquo;\u00e0 9 pers , \u00e0 2,5km du Zoo de la Fl\u00e8che&#8230; Confort, ambiance zoo et s\u00e9r\u00e9nit\u00e9 au bord du Loir assur\u00e9s dans le g\u00eete de la Rive du Loir. Ce lieu peut recevoir la bonne humeur mais pas les f\u00eates d&rsquo;anniversaires ou autres soir\u00e9es qui nuiraient \u00e0 la tranquillit\u00e9Lire la suite","og_url":"https:\/\/gite-lariveduloir.com\/index.php\/pieces\/","og_site_name":"Gite La Rive du Loir","article_modified_time":"2025-08-12T15:38:54+00:00","og_image":[{"url":"https:\/\/gite-lariveduloir.com\/wp-content\/uploads\/2025\/08\/20250706_135747-scaled.jpg"}],"twitter_card":"summary_large_image","twitter_misc":{"Dur\u00e9e de lecture estim\u00e9e":"2 minutes"},"schema":{"@context":"https:\/\/schema.org","@graph":[{"@type":"WebPage","@id":"https:\/\/gite-lariveduloir.com\/index.php\/pieces\/","url":"https:\/\/gite-lariveduloir.com\/index.php\/pieces\/","name":"Le g\u00eete - Gite La Rive du Loir","isPartOf":{"@id":"https:\/\/gite-lariveduloir.com\/#website"},"primaryImageOfPage":{"@id":"https:\/\/gite-lariveduloir.com\/index.php\/pieces\/#primaryimage"},"image":{"@id":"https:\/\/gite-lariveduloir.com\/index.php\/pieces\/#primaryimage"},"thumbnailUrl":"https:\/\/gite-lariveduloir.com\/wp-content\/uploads\/2025\/08\/20250706_135747-scaled.jpg","datePublished":"2021-08-03T15:48:12+00:00","dateModified":"2025-08-12T15:38:54+00:00","breadcrumb":{"@id":"https:\/\/gite-lariveduloir.com\/index.php\/pieces\/#breadcrumb"},"inLanguage":"fr-FR","potentialAction":[{"@type":"ReadAction","target":["https:\/\/gite-lariveduloir.com\/index.php\/pieces\/"]}]},{"@type":"ImageObject","inLanguage":"fr-FR","@id":"https:\/\/gite-lariveduloir.com\/index.php\/pieces\/#primaryimage","url":"https:\/\/gite-lariveduloir.com\/wp-content\/uploads\/2025\/08\/20250706_135747-scaled.jpg","contentUrl":"https:\/\/gite-lariveduloir.com\/wp-content\/uploads\/2025\/08\/20250706_135747-scaled.jpg","width":2560,"height":1183},{"@type":"BreadcrumbList","@id":"https:\/\/gite-lariveduloir.com\/index.php\/pieces\/#breadcrumb","itemListElement":[{"@type":"ListItem","position":1,"name":"Accueil","item":"https:\/\/gite-lariveduloir.com\/"},{"@type":"ListItem","position":2,"name":"Le g\u00eete"}]},{"@type":"WebSite","@id":"https:\/\/gite-lariveduloir.com\/#website","url":"https:\/\/gite-lariveduloir.com\/","name":"Gite La Rive du Loir","description":"Gite \u00e0 La Fl\u00e8che","publisher":{"@id":"https:\/\/gite-lariveduloir.com\/#organization"},"potentialAction":[{"@type":"SearchAction","target":{"@type":"EntryPoint","urlTemplate":"https:\/\/gite-lariveduloir.com\/?s={search_term_string}"},"query-input":{"@type":"PropertyValueSpecification","valueRequired":true,"valueName":"search_term_string"}}],"inLanguage":"fr-FR"},{"@type":"Organization","@id":"https:\/\/gite-lariveduloir.com\/#organization","name":"Gite La Rive du Loir","url":"https:\/\/gite-lariveduloir.com\/","logo":{"@type":"ImageObject","inLanguage":"fr-FR","@id":"https:\/\/gite-lariveduloir.com\/#\/schema\/logo\/image\/","url":"https:\/\/gite-lariveduloir.com\/wp-content\/uploads\/2025\/02\/cropped-cropped-LogolaRIVEduloirDEF-1.png","contentUrl":"https:\/\/gite-lariveduloir.com\/wp-content\/uploads\/2025\/02\/cropped-cropped-LogolaRIVEduloirDEF-1.png","width":512,"height":512,"caption":"Gite La Rive du Loir"},"image":{"@id":"https:\/\/gite-lariveduloir.com\/#\/schema\/logo\/image\/"}}]}},"jetpack_sharing_enabled":true,"_links":{"self":[{"href":"https:\/\/gite-lariveduloir.com\/index.php\/wp-json\/wp\/v2\/pages\/124"}],"collection":[{"href":"https:\/\/gite-lariveduloir.com\/index.php\/wp-json\/wp\/v2\/pages"}],"about":[{"href":"https:\/\/gite-lariveduloir.com\/index.php\/wp-json\/wp\/v2\/types\/page"}],"author":[{"embeddable":true,"href":"https:\/\/gite-lariveduloir.com\/index.php\/wp-json\/wp\/v2\/users\/1"}],"replies":[{"embeddable":true,"href":"https:\/\/gite-lariveduloir.com\/index.php\/wp-json\/wp\/v2\/comments?post=124"}],"version-history":[{"count":73,"href":"https:\/\/gite-lariveduloir.com\/index.php\/wp-json\/wp\/v2\/pages\/124\/revisions"}],"predecessor-version":[{"id":2351,"href":"https:\/\/gite-lariveduloir.com\/index.php\/wp-json\/wp\/v2\/pages\/124\/revisions\/2351"}],"wp:attachment":[{"href":"https:\/\/gite-lariveduloir.com\/index.php\/wp-json\/wp\/v2\/media?parent=124"}],"curies":[{"name":"wp","href":"https:\/\/api.w.org\/{rel}","templated":true}]}}